{"id":137,"date":"2014-04-29T12:17:57","date_gmt":"2014-04-29T12:17:57","guid":{"rendered":"http:\/\/kozhaz.alsozsolca.hu\/blog\/?page_id=137"},"modified":"2014-11-05T14:07:49","modified_gmt":"2014-11-05T14:07:49","slug":"klubjaink","status":"publish","type":"page","link":"https:\/\/kozhaz.alsozsolca.hu\/?page_id=137","title":{"rendered":"Klubjaink"},"content":{"rendered":"<hr \/>\n<p><a title=\"Ritmus T\u00e1ncegy\u00fcttes\" href=\"https:\/\/kozhaz.alsozsolca.hu\/?page_id=156\">Ritmus T\u00e1ncegy\u00fcttes<\/a><\/p>\n<p><a title=\"Sziv\u00e1rv\u00e1ny Vegyes Kar\" href=\"https:\/\/kozhaz.alsozsolca.hu\/?page_id=240\">Sziv\u00e1rv\u00e1ny Vegyes Kar<\/a><\/p>\n<p><a title=\"Als\u00f3zsolcai Nyugd\u00edjas Klub\" href=\"https:\/\/kozhaz.alsozsolca.hu\/?page_id=247\">Als\u00f3zsolcai Nyugd\u00edjas Klub<\/a><\/p>\n<p><a title=\"N\u0151i Klub\" href=\"https:\/\/kozhaz.alsozsolca.hu\/?page_id=250\">N\u0151i Klub<\/a><\/p>\n<p><a title=\"Zumba\" href=\"https:\/\/kozhaz.alsozsolca.hu\/?page_id=252\">Zumba<\/a><\/p>\n","protected":false},"excerpt":{"rendered":"<p>Ritmus T\u00e1ncegy\u00fcttes Sziv\u00e1rv\u00e1ny Vegyes Kar Als\u00f3zsolcai Nyugd\u00edjas Klub N\u0151i Klub Zumba<\/p>\n","protected":false},"author":2,"featured_media":0,"parent":0,"menu_order":4,"comment_status":"closed","ping_status":"closed","template":"","meta":{"footnotes":""},"class_list":["post-137","page","type-page","status-publish","hentry"],"_links":{"self":[{"href":"https:\/\/kozhaz.alsozsolca.hu\/index.php?rest_route=\/wp\/v2\/pages\/137","targetHints":{"allow":["GET"]}}],"collection":[{"href":"https:\/\/kozhaz.alsozsolca.hu\/index.php?rest_route=\/wp\/v2\/pages"}],"about":[{"href":"https:\/\/kozhaz.alsozsolca.hu\/index.php?rest_route=\/wp\/v2\/types\/page"}],"author":[{"embeddable":true,"href":"https:\/\/kozhaz.alsozsolca.hu\/index.php?rest_route=\/wp\/v2\/users\/2"}],"replies":[{"embeddable":true,"href":"https:\/\/kozhaz.alsozsolca.hu\/index.php?rest_route=%2Fwp%2Fv2%2Fcomments&post=137"}],"version-history":[{"count":3,"href":"https:\/\/kozhaz.alsozsolca.hu\/index.php?rest_route=\/wp\/v2\/pages\/137\/revisions"}],"predecessor-version":[{"id":2877,"href":"https:\/\/kozhaz.alsozsolca.hu\/index.php?rest_route=\/wp\/v2\/pages\/137\/revisions\/2877"}],"wp:attachment":[{"href":"https:\/\/kozhaz.alsozsolca.hu\/index.php?rest_route=%2Fwp%2Fv2%2Fmedia&parent=137"}],"curies":[{"name":"wp","href":"https:\/\/api.w.org\/{rel}","templated":true}]}}