{"id":144,"date":"2014-04-29T12:24:01","date_gmt":"2014-04-29T12:24:01","guid":{"rendered":"http:\/\/kozhaz.alsozsolca.hu\/blog\/?page_id=144"},"modified":"2017-03-22T13:22:41","modified_gmt":"2017-03-22T13:22:41","slug":"deutsch","status":"publish","type":"page","link":"https:\/\/kozhaz.alsozsolca.hu\/?page_id=144","title":{"rendered":"Deutsch"},"content":{"rendered":"<table style=\"height: 5px;\" width=\"5\">\n<tbody>\n<tr>\n<td width=\"53%\"><\/td>\n<\/tr>\n<\/tbody>\n<\/table>\n<p>In 1997 \u00fcbergebene Gesellschaftshaus und Bibliothek wurde der Fokus des kulturlichen Lebens von Als\u00f3zsolca. Hier hat die Bibliothek und seit 2002 das Computerraum auch Platz erhalten. In 2010 wurde auch die Heimatmuseum von Als\u00f3zsolca \u00fcbergaben, damit funktioniert es und die Sporthalle seit 2011 als Teil der Einrichtung.<br \/>\nDas Geb\u00e4ude liegt in dem Zentrum von Als\u00f3zsolca auf der G\u00f6rgey Stra\u00dfe 1., so ist es leicht erreichbar.<\/p>\n<p>Traditionale Veranstaltungen der Gesellschaftshaus:<br \/>\n\u2022 Nationale Feiertage: 15. M\u00e4rz, 20. August, 23 Oktober<br \/>\n\u2022 In jedem Januar wird der Tag der Ungarische Kultur gefeiert<br \/>\n\u2022 Im Ende Januar gibt es Heimatquiz f\u00fcr 5-8.Classe<br \/>\n\u2022 Im M\u00e4rz Veranstaltung der Frauentag mit Titel Weibliche Laune<br \/>\n\u2022 Mit Titel \u201eA zene az kell\u201c organisieren wir ein Talentsucher Wettbewerb f\u00fcr Junge im Fr\u00fchling<br \/>\n\u2022 Am 11. April, der Tag der Dichtung Day (Geburtstag von Attila J\u00f3zsef), gibt es ein Gala mit Verskunst und Literarische Programm<br \/>\n\u2022 In jedem Jahr, Mitte der April gibt\u2019s ein literarische Quiz \u201eSz\u00e9p Sz\u00f3\u201c f\u00fcr 7-8. Classen<br \/>\n\u2022 Im Mai gibt es Kindertag mit Sport-Wettbewerb in dem Weekendhaus an der K\u00fcste Saj\u00f3<br \/>\n\u2022 In jedem Jahr Mai \u201eIch m\u00f6chte mit dir Tanzen\u201c gibt es Gesellschaftst\u00e4nzen Treffen, es wird mit der Grundschule Herman Otto zusammen organsiert.<br \/>\n\u2022 In Mai gibt\u2019s auch ein Volkstanz Treffen<br \/>\n\u2022 Im Sommer warten wir die Kinder mit verschiedene Kinderprogramme und Lager<br \/>\n\u2022 Im September gibt es Singen Treffen f\u00fcr die umliegende Volksliedchor<br \/>\n\u2022 Im Herbst gibt es Weinlese-Parade<br \/>\n\u2022 Im Oktober sind die Rentner gefeiert, auf den Welttag den Rentner<br \/>\n\u2022 Anfang Oktober warten wir alle auf die Veranstaltungen der bibliographische Woche<br \/>\n\u2022 In der Adventszeit, jeder Woche, gibt es gemeinsame Kerzenbeleuchtung auf den Platz vor dem Haus<br \/>\n\u2022 Anfang Dezember organisieren wir in der verschiedene konfessionelle Kirchen ein Adventskonzert<br \/>\n\u2022 Am 31. Dezember verabschieden wir das Jahr mit einem gro\u00dfen Party<br \/>\nIn dem Gesellschaftshaus neben die eigene Programme sind auch institutionelle, politische, zivile, betriebliche und Familie Veranstaltungen organisiert.<\/p>\n<p><strong>\u00d6ffnungszeiten <\/strong><\/p>\n<p><strong>Gesellschaftshauses ist am Arbeitstage ab 7<sup>30<\/sup> bis 18<sup>00<\/sup> Uhr.<br \/>\n<\/strong><\/p>\n<p><strong>Bibliothek:<br \/>\n<\/strong>Montag 10<sup>00<\/sup>-18<sup>00<br \/>\n<\/sup>Dienstag 12<sup>00<\/sup>-19<sup>00<br \/>\n<\/sup>Mittwoch 10<sup>00<\/sup>-19<sup>00<br \/>\n<\/sup>Donnerstag 12<sup>00<\/sup>-18<sup>00<br \/>\n<\/sup>Freitag 10<sup>30<\/sup>-17<sup>00<br \/>\n<\/sup><\/p>\n<p>&nbsp;<\/p>\n","protected":false},"excerpt":{"rendered":"<p>In 1997 \u00fcbergebene Gesellschaftshaus und Bibliothek wurde der Fokus des kulturlichen Lebens von Als\u00f3zsolca. Hier hat die Bibliothek und seit 2002 das Computerraum auch Platz erhalten. In 2010 wurde auch die Heimatmuseum von Als\u00f3zsolca \u00fcbergaben, damit funktioniert es und die Sporthalle seit 2011 als Teil der Einrichtung. Das Geb\u00e4ude liegt in dem Zentrum von Als\u00f3zsolca [&hellip;]<\/p>\n","protected":false},"author":2,"featured_media":0,"parent":0,"menu_order":9,"comment_status":"closed","ping_status":"closed","template":"","meta":{"footnotes":""},"class_list":["post-144","page","type-page","status-publish","hentry"],"_links":{"self":[{"href":"https:\/\/kozhaz.alsozsolca.hu\/index.php?rest_route=\/wp\/v2\/pages\/144","targetHints":{"allow":["GET"]}}],"collection":[{"href":"https:\/\/kozhaz.alsozsolca.hu\/index.php?rest_route=\/wp\/v2\/pages"}],"about":[{"href":"https:\/\/kozhaz.alsozsolca.hu\/index.php?rest_route=\/wp\/v2\/types\/page"}],"author":[{"embeddable":true,"href":"https:\/\/kozhaz.alsozsolca.hu\/index.php?rest_route=\/wp\/v2\/users\/2"}],"replies":[{"embeddable":true,"href":"https:\/\/kozhaz.alsozsolca.hu\/index.php?rest_route=%2Fwp%2Fv2%2Fcomments&post=144"}],"version-history":[{"count":12,"href":"https:\/\/kozhaz.alsozsolca.hu\/index.php?rest_route=\/wp\/v2\/pages\/144\/revisions"}],"predecessor-version":[{"id":9307,"href":"https:\/\/kozhaz.alsozsolca.hu\/index.php?rest_route=\/wp\/v2\/pages\/144\/revisions\/9307"}],"wp:attachment":[{"href":"https:\/\/kozhaz.alsozsolca.hu\/index.php?rest_route=%2Fwp%2Fv2%2Fmedia&parent=144"}],"curies":[{"name":"wp","href":"https:\/\/api.w.org\/{rel}","templated":true}]}}