{"id":156,"date":"2014-04-29T13:51:00","date_gmt":"2014-04-29T13:51:00","guid":{"rendered":"http:\/\/kozhaz.alsozsolca.hu\/blog\/?page_id=156"},"modified":"2020-03-05T13:46:40","modified_gmt":"2020-03-05T13:46:40","slug":"ritmus-tancegyuttes","status":"publish","type":"page","link":"https:\/\/kozhaz.alsozsolca.hu\/?page_id=156","title":{"rendered":"Ritmus T\u00e1ncegy\u00fcttes"},"content":{"rendered":"<p><a href=\"https:\/\/kozhaz.alsozsolca.hu\/wp-content\/uploads\/2014\/04\/ritmus-t\u00e1nc.jpg\"><img loading=\"lazy\" decoding=\"async\" class=\"alignnone size-medium wp-image-19856 alignleft\" src=\"https:\/\/kozhaz.alsozsolca.hu\/wp-content\/uploads\/2014\/04\/ritmus-t\u00e1nc-300x225.jpg\" alt=\"ritmus t\u00e1nc\" width=\"300\" height=\"225\" srcset=\"https:\/\/kozhaz.alsozsolca.hu\/wp-content\/uploads\/2014\/04\/ritmus-t\u00e1nc-300x225.jpg 300w, https:\/\/kozhaz.alsozsolca.hu\/wp-content\/uploads\/2014\/04\/ritmus-t\u00e1nc.jpg 960w\" sizes=\"auto, (max-width: 300px) 100vw, 300px\" \/><\/a> <a href=\"https:\/\/kozhaz.alsozsolca.hu\/wp-content\/uploads\/2014\/04\/Ritmus.jpg\"><img loading=\"lazy\" decoding=\"async\" class=\"alignnone size-medium wp-image-19857\" src=\"https:\/\/kozhaz.alsozsolca.hu\/wp-content\/uploads\/2014\/04\/Ritmus-300x225.jpg\" alt=\"Ritmus\" width=\"300\" height=\"225\" srcset=\"https:\/\/kozhaz.alsozsolca.hu\/wp-content\/uploads\/2014\/04\/Ritmus-300x225.jpg 300w, https:\/\/kozhaz.alsozsolca.hu\/wp-content\/uploads\/2014\/04\/Ritmus.jpg 960w\" sizes=\"auto, (max-width: 300px) 100vw, 300px\" \/><\/a><\/p>\n<p><strong><a href=\"https:\/\/kozhaz.alsozsolca.hu\/wp-content\/uploads\/2014\/04\/Ritm.T.jpg\"><img loading=\"lazy\" decoding=\"async\" class=\"size-medium wp-image-19859 aligncenter\" src=\"https:\/\/kozhaz.alsozsolca.hu\/wp-content\/uploads\/2014\/04\/Ritm.T-300x222.jpg\" alt=\"Ritm.T\" width=\"300\" height=\"222\" \/><\/a>A Ritmus T\u00e1ncegy\u00fcttes<\/strong> 2012 tavasz\u00e1n alakult k\u00e9t r\u00e9gi, fiatalokb\u00f3l \u00e1ll\u00f3 t\u00e1nccsoport, az Als\u00f3zsolcai Ifj\u00fas\u00e1gi T\u00e1ncklub m\u00e9g akt\u00edv tagjai \u00e9s a T\u00e1ncbar\u00e1tok K\u00f6re egyes\u00fcl\u00e9s\u00e9vel.<\/p>\n<p><strong>T\u00e1ncbar\u00e1tok K\u00f6re<\/strong> a Benedek Elek \u00c1ltal\u00e1nos Iskola di\u00e1kjaib\u00f3l alakult 2000-ben, 2008-t\u00f3l pedig a K\u00f6z\u00f6ss\u00e9gi H\u00e1z adott otthont a T\u00e1ncbar\u00e1toknak. Els\u0151sorban t\u00e1rsast\u00e1ncokat adtak el\u0151, 2009-t\u0151l pedig n\u00e9pt\u00e1nccal is b\u0151v\u00fclt a reperto\u00e1rjuk. 2009-ben megkapt\u00e1k a Fiatalok Als\u00f3zsolc\u00e1\u00e9rt elismer\u0151 kit\u00fcntet\u00e9st. A csoport alap\u00edt\u00f3ja \u00e9s els\u0151 vezet\u0151je Szoboszlai Anna(\u2020) volt.<\/p>\n<p><strong>Az Als\u00f3zsolcai Ifj\u00fas\u00e1gi T\u00e1ncklub<\/strong> 1996-ban alakult fiatalokb\u00f3l \u00e1ll\u00f3 form\u00e1ci\u00f3s t\u00e1ncokat bemutat\u00f3 csoport. A klub tagjai a Herman Ott\u00f3 \u00c1ltal\u00e1nos Iskola v\u00e9gz\u0151s di\u00e1kja voltak.<\/p>\n<p>Versenyeken is megm\u00e9rettett\u00e9k magukat, az al\u00e1bbi eredm\u00e9nyekkel:<\/p>\n<p>\u2013 Di\u00e1kok Form\u00e1ci\u00f3s T\u00e1ncverseny\u00e9n Miskolcon k\u00e9t alkalommal els\u0151 helyez\u00e9st, egyszer pedig k\u00fcl\u00f6nd\u00edjat kaptak;<br \/>\n\u2013 k\u00e9tszer kaptak arany, egyszer ez\u00fcst min\u0151s\u00edt\u00e9st;<br \/>\n\u2013 tov\u00e1bb\u00e1 2008-ban a IX. Region\u00e1lis Amat\u0151r T\u00e1nctal\u00e1lkoz\u00f3n Hajd\u00fan\u00e1n\u00e1son els\u0151 helyez\u00e9st \u00e9rtek el.<br \/>\nEmellett 2003-ban megkapt\u00e1k a Fiatalok Als\u00f3zsolc\u00e1\u00e9rt elismer\u0151 kit\u00fcntet\u00e9st is.<br \/>\nA csoport vezet\u0151i \u00e9s koreogr\u00e1fusai voltak: F\u00e1klya Tiborn\u00e9, F\u00fcgeczkin\u00e9 Balogh M\u00e1ria \u00e9s Szal\u00e1nczin\u00e9 Somos Zsuzsanna.<\/p>\n<p>K\u00e9t \u00e9vig t\u00e1rsas \u00e9s n\u00e9pt\u00e1ncot is t\u00e1ncoltak, azut\u00e1n m\u00e1r csak a n\u00e9pt\u00e1nc maradt.<\/p>\n<p>Koreogr\u00e1fusuk Pappn\u00e9 Berei \u00c9va.<\/p>\n<p>Sz\u00ednes\u00edtik telep\u00fcl\u00e9s\u00fcnk rendezv\u00e9nyeit fell\u00e9p\u00e9s\u00fckkel, emellett hagyom\u00e1nyt teremtettek telep\u00fcl\u00e9s\u00fcnk\u00f6n: Szoboszlai Anna eml\u00e9k\u00e9re 2009-t\u0151l minden \u00e9v j\u00falius\u00e1ban Anna napi lakodalmas b\u00e1lt rendeznek, feleleven\u00edtve a r\u00e9gi lakodalmas n\u00e9phagyom\u00e1nyokat. Ezen a rendezv\u00e9nyen \u201emegesketnek\u201d egy t\u00e1ncosp\u00e1rt haz\u00e1nk t\u00e1jegys\u00e9geinek a hagyom\u00e1nyai alapj\u00e1n. Minden \u00e9ven \u00faj koreogr\u00e1fi\u00e1t tanulnak ezekr\u0151l a t\u00e1jegys\u00e9gekr\u0151l, amelyet el\u0151sz\u00f6r a b\u00e1lon adnak el\u0151. 2011-ben \u201eA n\u00e9pek t\u00e1nca n\u00e9pek zen\u00e9je\u201d orsz\u00e1gos versenyen arany min\u0151s\u00edt\u00e9st kaptak.<\/p>\n<p>2012-ben Erd\u00e9lyben, 2014-ben Csehorsz\u00e1gban, 2019-ben Olaszorsz\u00e1gban j\u00e1rtak fesztiv\u00e1lon, vitt\u00e9k j\u00f3 h\u00edr\u00e9t telep\u00fcl\u00e9s\u00fcnknek.<\/p>\n<p>2016-t\u00f3l Holczer Andrea \u00e9s Zelen\u00e1k Ott\u00f3 gyarap\u00edtja az egy\u00fcttes tud\u00e1s\u00e1t.<\/p>\n<p>Az egy\u00fcttes vezet\u0151i: Pappn\u00e9 Berei \u00c9va \u00e9s Szal\u00e1nczin\u00e9 Somos Zsuzsanna.<br \/>\nA pr\u00f3b\u00e1kat a K\u00f6z\u00f6ss\u00e9gi H\u00e1zban tartj\u00e1k h\u00e9tf\u0151n \u00e9s p\u00e9nteken este 7 \u00f3r\u00e1t\u00f3l.<\/p>\n<p>2019-ben siker\u00fclt ut\u00e1np\u00f3tl\u00e1s csoportot ind\u00edtani Holczer Andrea \u00e9s Zelen\u00e1k Ott\u00f3 vezet\u00e9s\u00e9vel. A tervek szerint 2020-ban el\u0151sz\u00f6r mutatj\u00e1k meg tud\u00e1sukat az Anna napi lakodalmas b\u00e1lon.<\/p>\n","protected":false},"excerpt":{"rendered":"<p>A Ritmus T\u00e1ncegy\u00fcttes 2012 tavasz\u00e1n alakult k\u00e9t r\u00e9gi, fiatalokb\u00f3l \u00e1ll\u00f3 t\u00e1nccsoport, az Als\u00f3zsolcai Ifj\u00fas\u00e1gi T\u00e1ncklub m\u00e9g akt\u00edv tagjai \u00e9s a T\u00e1ncbar\u00e1tok K\u00f6re egyes\u00fcl\u00e9s\u00e9vel. T\u00e1ncbar\u00e1tok K\u00f6re a Benedek Elek \u00c1ltal\u00e1nos Iskola di\u00e1kjaib\u00f3l alakult 2000-ben, 2008-t\u00f3l pedig a K\u00f6z\u00f6ss\u00e9gi H\u00e1z adott otthont a T\u00e1ncbar\u00e1toknak. Els\u0151sorban t\u00e1rsast\u00e1ncokat adtak el\u0151, 2009-t\u0151l pedig n\u00e9pt\u00e1nccal is b\u0151v\u00fclt a reperto\u00e1rjuk. 2009-ben megkapt\u00e1k [&hellip;]<\/p>\n","protected":false},"author":2,"featured_media":0,"parent":137,"menu_order":1,"comment_status":"closed","ping_status":"closed","template":"","meta":{"footnotes":""},"class_list":["post-156","page","type-page","status-publish","hentry"],"_links":{"self":[{"href":"https:\/\/kozhaz.alsozsolca.hu\/index.php?rest_route=\/wp\/v2\/pages\/156","targetHints":{"allow":["GET"]}}],"collection":[{"href":"https:\/\/kozhaz.alsozsolca.hu\/index.php?rest_route=\/wp\/v2\/pages"}],"about":[{"href":"https:\/\/kozhaz.alsozsolca.hu\/index.php?rest_route=\/wp\/v2\/types\/page"}],"author":[{"embeddable":true,"href":"https:\/\/kozhaz.alsozsolca.hu\/index.php?rest_route=\/wp\/v2\/users\/2"}],"replies":[{"embeddable":true,"href":"https:\/\/kozhaz.alsozsolca.hu\/index.php?rest_route=%2Fwp%2Fv2%2Fcomments&post=156"}],"version-history":[{"count":11,"href":"https:\/\/kozhaz.alsozsolca.hu\/index.php?rest_route=\/wp\/v2\/pages\/156\/revisions"}],"predecessor-version":[{"id":19860,"href":"https:\/\/kozhaz.alsozsolca.hu\/index.php?rest_route=\/wp\/v2\/pages\/156\/revisions\/19860"}],"up":[{"embeddable":true,"href":"https:\/\/kozhaz.alsozsolca.hu\/index.php?rest_route=\/wp\/v2\/pages\/137"}],"wp:attachment":[{"href":"https:\/\/kozhaz.alsozsolca.hu\/index.php?rest_route=%2Fwp%2Fv2%2Fmedia&parent=156"}],"curies":[{"name":"wp","href":"https:\/\/api.w.org\/{rel}","templated":true}]}}