{"id":163,"date":"2014-04-29T16:24:09","date_gmt":"2014-04-29T16:24:09","guid":{"rendered":"http:\/\/kozhaz.alsozsolca.hu\/blog\/?page_id=163"},"modified":"2014-11-05T13:54:28","modified_gmt":"2014-11-05T13:54:28","slug":"a-haz-4","status":"publish","type":"page","link":"https:\/\/kozhaz.alsozsolca.hu\/?page_id=163","title":{"rendered":"A H\u00e1z"},"content":{"rendered":"<hr \/>\n<p><a title=\"Magunkr\u00f3l\" href=\"https:\/\/kozhaz.alsozsolca.hu\/?page_id=165\">Magunkr\u00f3l<\/a><\/p>\n<p><a title=\"Szolg\u00e1ltat\u00e1saink\" href=\"https:\/\/kozhaz.alsozsolca.hu\/?page_id=186\">Szolg\u00e1ltat\u00e1saink<\/a><\/p>\n<p><a title=\"Nyitva tart\u00e1s\" href=\"https:\/\/kozhaz.alsozsolca.hu\/?page_id=189\">Nyitva tart\u00e1s<\/a><\/p>\n<p><a title=\"Kapcsolat\" href=\"https:\/\/kozhaz.alsozsolca.hu\/?page_id=376\">Kapcsolat<\/a><\/p>\n<p><a title=\"Saj\u00f3-parti pihen\u0151h\u00e1z\" href=\"https:\/\/kozhaz.alsozsolca.hu\/?page_id=466\">Saj\u00f3-parti pihen\u0151h\u00e1z<\/a><\/p>\n<p><a title=\"K\u00e9pek a H\u00e1zr\u00f3l\" href=\"https:\/\/kozhaz.alsozsolca.hu\/?page_id=492\">K\u00e9pek a H\u00e1zr\u00f3l<\/a><\/p>\n<p>&nbsp;<\/p>\n","protected":false},"excerpt":{"rendered":"<p>Magunkr\u00f3l Szolg\u00e1ltat\u00e1saink Nyitva tart\u00e1s Kapcsolat Saj\u00f3-parti pihen\u0151h\u00e1z K\u00e9pek a H\u00e1zr\u00f3l &nbsp;<\/p>\n","protected":false},"author":2,"featured_media":0,"parent":0,"menu_order":2,"comment_status":"closed","ping_status":"closed","template":"","meta":{"footnotes":""},"class_list":["post-163","page","type-page","status-publish","hentry"],"_links":{"self":[{"href":"https:\/\/kozhaz.alsozsolca.hu\/index.php?rest_route=\/wp\/v2\/pages\/163","targetHints":{"allow":["GET"]}}],"collection":[{"href":"https:\/\/kozhaz.alsozsolca.hu\/index.php?rest_route=\/wp\/v2\/pages"}],"about":[{"href":"https:\/\/kozhaz.alsozsolca.hu\/index.php?rest_route=\/wp\/v2\/types\/page"}],"author":[{"embeddable":true,"href":"https:\/\/kozhaz.alsozsolca.hu\/index.php?rest_route=\/wp\/v2\/users\/2"}],"replies":[{"embeddable":true,"href":"https:\/\/kozhaz.alsozsolca.hu\/index.php?rest_route=%2Fwp%2Fv2%2Fcomments&post=163"}],"version-history":[{"count":4,"href":"https:\/\/kozhaz.alsozsolca.hu\/index.php?rest_route=\/wp\/v2\/pages\/163\/revisions"}],"predecessor-version":[{"id":2873,"href":"https:\/\/kozhaz.alsozsolca.hu\/index.php?rest_route=\/wp\/v2\/pages\/163\/revisions\/2873"}],"wp:attachment":[{"href":"https:\/\/kozhaz.alsozsolca.hu\/index.php?rest_route=%2Fwp%2Fv2%2Fmedia&parent=163"}],"curies":[{"name":"wp","href":"https:\/\/api.w.org\/{rel}","templated":true}]}}