{"id":169,"date":"2014-04-29T16:27:15","date_gmt":"2014-04-29T16:27:15","guid":{"rendered":"http:\/\/kozhaz.alsozsolca.hu\/blog\/?page_id=169"},"modified":"2015-02-25T15:19:38","modified_gmt":"2015-02-25T15:19:38","slug":"konyvtar-2","status":"publish","type":"page","link":"https:\/\/kozhaz.alsozsolca.hu\/?page_id=169","title":{"rendered":"K\u00f6nyvt\u00e1r"},"content":{"rendered":"<hr \/>\n<p><a title=\"Szolg\u00e1ltat\u00e1sok\" href=\"https:\/\/kozhaz.alsozsolca.hu\/?page_id=171\">Szolg\u00e1ltat\u00e1sok<\/a><\/p>\n<p><a title=\"Nyitva tart\u00e1s, t\u00e9r\u00edt\u00e9si d\u00edjak\" href=\"https:\/\/kozhaz.alsozsolca.hu\/?page_id=503\">Nyitva tart\u00e1s, t\u00e9r\u00edt\u00e9si d\u00edjak<\/a><\/p>\n<p><a title=\"Kapcsolat\" href=\"https:\/\/kozhaz.alsozsolca.hu\/?page_id=529\">Kapcsolat<\/a><\/p>\n<p><a href=\"http:\/\/193.6.1.94:8080\/alsozsolca\/\">Katal\u00f3gus<\/a><\/p>\n<p><a href=\"https:\/\/kozhaz.alsozsolca.hu\/?cat=9\">\u00dajdons\u00e1gok<\/a><\/p>\n<p><a title=\"Digit\u00e1lis k\u00f6nyvt\u00e1r\" href=\"https:\/\/kozhaz.alsozsolca.hu\/?page_id=508\">Digit\u00e1lis k\u00f6nyvt\u00e1r<\/a><\/p>\n<p><a href=\"https:\/\/kozhaz.alsozsolca.hu\/szabalyzat\/szabalyzat.pdf\">K\u00f6nyvt\u00e1rhaszn\u00e1lati szab\u00e1lyzat<\/a><\/p>\n<p><a title=\"K\u00e9pek a k\u00f6nyvt\u00e1rr\u00f3l\" href=\"https:\/\/kozhaz.alsozsolca.hu\/?page_id=613\">K\u00e9pek a k\u00f6nyvt\u00e1rr\u00f3l<\/a><\/p>\n<p>&nbsp;<\/p>\n","protected":false},"excerpt":{"rendered":"<p>Szolg\u00e1ltat\u00e1sok Nyitva tart\u00e1s, t\u00e9r\u00edt\u00e9si d\u00edjak Kapcsolat Katal\u00f3gus \u00dajdons\u00e1gok Digit\u00e1lis k\u00f6nyvt\u00e1r K\u00f6nyvt\u00e1rhaszn\u00e1lati szab\u00e1lyzat K\u00e9pek a k\u00f6nyvt\u00e1rr\u00f3l &nbsp;<\/p>\n","protected":false},"author":2,"featured_media":0,"parent":0,"menu_order":3,"comment_status":"closed","ping_status":"closed","template":"","meta":{"footnotes":""},"class_list":["post-169","page","type-page","status-publish","hentry"],"_links":{"self":[{"href":"https:\/\/kozhaz.alsozsolca.hu\/index.php?rest_route=\/wp\/v2\/pages\/169","targetHints":{"allow":["GET"]}}],"collection":[{"href":"https:\/\/kozhaz.alsozsolca.hu\/index.php?rest_route=\/wp\/v2\/pages"}],"about":[{"href":"https:\/\/kozhaz.alsozsolca.hu\/index.php?rest_route=\/wp\/v2\/types\/page"}],"author":[{"embeddable":true,"href":"https:\/\/kozhaz.alsozsolca.hu\/index.php?rest_route=\/wp\/v2\/users\/2"}],"replies":[{"embeddable":true,"href":"https:\/\/kozhaz.alsozsolca.hu\/index.php?rest_route=%2Fwp%2Fv2%2Fcomments&post=169"}],"version-history":[{"count":6,"href":"https:\/\/kozhaz.alsozsolca.hu\/index.php?rest_route=\/wp\/v2\/pages\/169\/revisions"}],"predecessor-version":[{"id":3570,"href":"https:\/\/kozhaz.alsozsolca.hu\/index.php?rest_route=\/wp\/v2\/pages\/169\/revisions\/3570"}],"wp:attachment":[{"href":"https:\/\/kozhaz.alsozsolca.hu\/index.php?rest_route=%2Fwp%2Fv2%2Fmedia&parent=169"}],"curies":[{"name":"wp","href":"https:\/\/api.w.org\/{rel}","templated":true}]}}