{"id":178,"date":"2014-04-29T16:37:24","date_gmt":"2014-04-29T16:37:24","guid":{"rendered":"http:\/\/kozhaz.alsozsolca.hu\/blog\/?page_id=178"},"modified":"2014-11-05T14:15:28","modified_gmt":"2014-11-05T14:15:28","slug":"helytorteneti-gyujtemeny-2","status":"publish","type":"page","link":"https:\/\/kozhaz.alsozsolca.hu\/?page_id=178","title":{"rendered":"Helyt\u00f6rt\u00e9neti Gy\u0171jtem\u00e9ny"},"content":{"rendered":"<hr \/>\n<p><a title=\"A gy\u0171jtem\u00e9ny\" href=\"https:\/\/kozhaz.alsozsolca.hu\/?page_id=333\">A gy\u0171jtem\u00e9ny<\/a><\/p>\n<p><a title=\"K\u00e9pek a gy\u0171jtem\u00e9nyr\u0151l\" href=\"https:\/\/kozhaz.alsozsolca.hu\/?page_id=342\">K\u00e9pek a gy\u0171jtem\u00e9nyr\u0151l<\/a><\/p>\n","protected":false},"excerpt":{"rendered":"<p>A gy\u0171jtem\u00e9ny K\u00e9pek a gy\u0171jtem\u00e9nyr\u0151l<\/p>\n","protected":false},"author":2,"featured_media":0,"parent":0,"menu_order":6,"comment_status":"closed","ping_status":"closed","template":"","meta":{"footnotes":""},"class_list":["post-178","page","type-page","status-publish","hentry"],"_links":{"self":[{"href":"https:\/\/kozhaz.alsozsolca.hu\/index.php?rest_route=\/wp\/v2\/pages\/178","targetHints":{"allow":["GET"]}}],"collection":[{"href":"https:\/\/kozhaz.alsozsolca.hu\/index.php?rest_route=\/wp\/v2\/pages"}],"about":[{"href":"https:\/\/kozhaz.alsozsolca.hu\/index.php?rest_route=\/wp\/v2\/types\/page"}],"author":[{"embeddable":true,"href":"https:\/\/kozhaz.alsozsolca.hu\/index.php?rest_route=\/wp\/v2\/users\/2"}],"replies":[{"embeddable":true,"href":"https:\/\/kozhaz.alsozsolca.hu\/index.php?rest_route=%2Fwp%2Fv2%2Fcomments&post=178"}],"version-history":[{"count":3,"href":"https:\/\/kozhaz.alsozsolca.hu\/index.php?rest_route=\/wp\/v2\/pages\/178\/revisions"}],"predecessor-version":[{"id":2881,"href":"https:\/\/kozhaz.alsozsolca.hu\/index.php?rest_route=\/wp\/v2\/pages\/178\/revisions\/2881"}],"wp:attachment":[{"href":"https:\/\/kozhaz.alsozsolca.hu\/index.php?rest_route=%2Fwp%2Fv2%2Fmedia&parent=178"}],"curies":[{"name":"wp","href":"https:\/\/api.w.org\/{rel}","templated":true}]}}