{"id":186,"date":"2014-04-29T16:45:16","date_gmt":"2014-04-29T16:45:16","guid":{"rendered":"http:\/\/kozhaz.alsozsolca.hu\/blog\/?page_id=186"},"modified":"2026-01-09T13:24:43","modified_gmt":"2026-01-09T13:24:43","slug":"szolgaltatasaink","status":"publish","type":"page","link":"https:\/\/kozhaz.alsozsolca.hu\/?page_id=186","title":{"rendered":"Szolg\u00e1ltat\u00e1saink"},"content":{"rendered":"<p><strong>A K\u00f6z\u00f6ss\u00e9gi H\u00e1z t\u00e9r\u00edt\u00e9si d\u00edjai a 2023. \u00e9vre<\/strong><\/p>\n<p><strong>A K\u00f6z\u00f6ss\u00e9gi H\u00e1z teremb\u00e9rleti d\u00edjai:<\/strong><br \/>\nEl\u0151t\u00e9r 11.000,- Ft\/\u00f3ra; el\u0151t\u00e9r k\u00e9szenl\u00e9ti d\u00edj 5.500,- Ft\/\u00f3ra<br \/>\nSz\u00ednh\u00e1zterem 25.000,- Ft\/\u00f3ra;<br \/>\nKlubszoba 9.000,- Ft\/\u00f3ra<br \/>\nAlagsori helyis\u00e9g 13.000,- Ft\/\u00f3ra; alagsori t\u00e1rol\u00f3: 11.000,- Ft\/\u00f3ra<br \/>\nA sz\u00ednh\u00e1zterem b\u00e9rleti d\u00edj\u00e1b\u00f3l 30%-os kedvezm\u00e9nyt adunk abban az esetben, ha als\u00f3zsolcai lakos esk\u00fcv\u0151 eset\u00e9n k\u00edv\u00e1nja ig\u00e9nybe venni.<br \/>\nEgy\u00e9b: szervizd\u00edj 500,- Ft\/f\u0151<br \/>\nSz\u00e9kszoknya k\u00f6lcs\u00f6nz\u00e9se 1.100,- Ft\/db helyben haszn\u00e1lat eset\u00e9n, 800,- Ft\/db m\u00e1s helysz\u00ednen t\u00f6rt\u00e9n\u0151 haszn\u00e1lat eset\u00e9n. Asztalszoknya k\u00f6lcs\u00f6nz\u00e9se &#8211; kiz\u00e1r\u00f3lag helyben t\u00f6rt\u00e9n\u0151 haszn\u00e1latra 9.000,- Ft\/db\/alkalom.<\/p>\n<p><strong>A sz\u00e1m\u00edt\u00f3g\u00e9pterem szolg\u00e1ltat\u00e1sainak d\u00edjai:<\/strong><br \/>\nSz\u00e1m\u00edt\u00f3g\u00e9p haszn\u00e1lat, Internet haszn\u00e1lat 700,- Ft\/\u00f3ra.<br \/>\nF\u00e9nym\u00e1sol\u00e1s, nyomtat\u00e1s (fekete-feh\u00e9r):<br \/>\nA4 50,- Ft\/oldal<br \/>\nA3 100,- Ft\/oldal<br \/>\nSz\u00ednes nyomtat\u00e1s A4, \u00f6n\u00e9letrajz, diagram, vonalak 100,- Ft\/oldal.<br \/>\nSz\u00ednes nyomtat\u00e1s A4 &#8211; tel\u00edtett sz\u00ednes 300,- Ft\/oldal<\/p>\n<p>Spir\u00e1loz\u00e1s 20 oldalig 400 Ft; 21-40 oldal 500 Ft; 41 oldalt\u00f3l 600 Ft.<\/p>\n<p>Scannel\u00e9s 50 Ft\/oldal, lamin\u00e1l\u00e1s 300 Ft\/oldal.<\/p>\n<p><strong>K\u00f6nyvt\u00e1ri beiratkoz\u00e1si d\u00edjak:<\/strong><br \/>\nfeln\u0151tt 500,- Ft<br \/>\ndi\u00e1k, pedag\u00f3gus, nyugd\u00edjas 300,- Ft<br \/>\n16 \u00e9v alatt \u00e9s 70 \u00e9v felett ingyenes.<br \/>\nA beiratkoz\u00e1si d\u00edj megfizet\u00e9se egy \u00e9vre sz\u00f3l.<\/p>\n<p>A k\u00f6nyvt\u00e1rk\u00f6zi k\u00f6lcs\u00f6nz\u00e9s\u00e9rt, audio CD-k, DVD-k \u00e9s CD-ROM-ok k\u00f6lcs\u00f6nz\u00e9s\u00e9\u00e9rt k\u00fcl\u00f6n t\u00e9r\u00edt\u00e9si d\u00edjat nem kell fizetni. <span class=\"text_exposed_show\"> A k\u00f6nyvt\u00e1rk\u00f6zi k\u00f6lcs\u00f6nz\u00e9s eset\u00e9n a k\u00e9rt dokumentumok visszak\u00fcld\u00e9s\u00e9nek postai k\u00f6lts\u00e9g\u00e9t az olvas\u00f3 k\u00f6teles megfizetni.<\/span><\/p>\n","protected":false},"excerpt":{"rendered":"<p>A K\u00f6z\u00f6ss\u00e9gi H\u00e1z t\u00e9r\u00edt\u00e9si d\u00edjai a 2023. \u00e9vre A K\u00f6z\u00f6ss\u00e9gi H\u00e1z teremb\u00e9rleti d\u00edjai: El\u0151t\u00e9r 11.000,- Ft\/\u00f3ra; el\u0151t\u00e9r k\u00e9szenl\u00e9ti d\u00edj 5.500,- Ft\/\u00f3ra Sz\u00ednh\u00e1zterem 25.000,- Ft\/\u00f3ra; Klubszoba 9.000,- Ft\/\u00f3ra Alagsori helyis\u00e9g 13.000,- Ft\/\u00f3ra; alagsori t\u00e1rol\u00f3: 11.000,- Ft\/\u00f3ra A sz\u00ednh\u00e1zterem b\u00e9rleti d\u00edj\u00e1b\u00f3l 30%-os kedvezm\u00e9nyt adunk abban az esetben, ha als\u00f3zsolcai lakos esk\u00fcv\u0151 eset\u00e9n k\u00edv\u00e1nja ig\u00e9nybe venni. Egy\u00e9b: szervizd\u00edj [&hellip;]<\/p>\n","protected":false},"author":2,"featured_media":0,"parent":163,"menu_order":2,"comment_status":"closed","ping_status":"closed","template":"","meta":{"footnotes":""},"class_list":["post-186","page","type-page","status-publish","hentry"],"_links":{"self":[{"href":"https:\/\/kozhaz.alsozsolca.hu\/index.php?rest_route=\/wp\/v2\/pages\/186","targetHints":{"allow":["GET"]}}],"collection":[{"href":"https:\/\/kozhaz.alsozsolca.hu\/index.php?rest_route=\/wp\/v2\/pages"}],"about":[{"href":"https:\/\/kozhaz.alsozsolca.hu\/index.php?rest_route=\/wp\/v2\/types\/page"}],"author":[{"embeddable":true,"href":"https:\/\/kozhaz.alsozsolca.hu\/index.php?rest_route=\/wp\/v2\/users\/2"}],"replies":[{"embeddable":true,"href":"https:\/\/kozhaz.alsozsolca.hu\/index.php?rest_route=%2Fwp%2Fv2%2Fcomments&post=186"}],"version-history":[{"count":18,"href":"https:\/\/kozhaz.alsozsolca.hu\/index.php?rest_route=\/wp\/v2\/pages\/186\/revisions"}],"predecessor-version":[{"id":23684,"href":"https:\/\/kozhaz.alsozsolca.hu\/index.php?rest_route=\/wp\/v2\/pages\/186\/revisions\/23684"}],"up":[{"embeddable":true,"href":"https:\/\/kozhaz.alsozsolca.hu\/index.php?rest_route=\/wp\/v2\/pages\/163"}],"wp:attachment":[{"href":"https:\/\/kozhaz.alsozsolca.hu\/index.php?rest_route=%2Fwp%2Fv2%2Fmedia&parent=186"}],"curies":[{"name":"wp","href":"https:\/\/api.w.org\/{rel}","templated":true}]}}