{"id":189,"date":"2014-04-29T16:48:25","date_gmt":"2014-04-29T16:48:25","guid":{"rendered":"http:\/\/kozhaz.alsozsolca.hu\/blog\/?page_id=189"},"modified":"2022-10-17T12:21:40","modified_gmt":"2022-10-17T12:21:40","slug":"nyitva-tartas","status":"publish","type":"page","link":"https:\/\/kozhaz.alsozsolca.hu\/?page_id=189","title":{"rendered":"Nyitva tart\u00e1s"},"content":{"rendered":"<p><strong>A K\u00f6z\u00f6ss\u00e9gi H\u00e1z munkanapokon 7<sup>30<\/sup>-18<sup>00<\/sup> \u00f3r\u00e1ig tart nyitva.<\/strong><\/p>\n<p><strong>A k\u00f6nyvt\u00e1r nyitva tart\u00e1sa:<\/strong><br \/>\nh\u00e9tf\u0151 8<sup>00<\/sup>-19<sup>00<br \/>\n<\/sup>kedd 8<sup>00<\/sup>-16<sup>00<br \/>\n<\/sup>szerda 8<sup>00<\/sup>-16<sup>00<br \/>\n<\/sup>cs\u00fct\u00f6rt\u00f6k 8<sup>00<\/sup>-19<sup>00<br \/>\n<\/sup>p\u00e9ntek 8<sup>00<\/sup>-16<sup>00<br \/>\n<\/sup><\/p>\n<p>szombat:&nbsp;havonta 2-szer 18-20 \u00f3r\u00e1ig, a rendezv\u00e9nyeinkhez igazodva.<\/p>\n<p>&nbsp;<\/p>\n<p><strong>A sz\u00e1m\u00edt\u00f3g\u00e9pterem nyitva tart\u00e1sa:<\/strong><br \/>\nh\u00e9tf\u0151 8<sup>00<\/sup>-19<sup>00<br \/>\n<\/sup>kedd 8<sup>00<\/sup>-16<sup>00<br \/>\n<\/sup>szerda 8<sup>00<\/sup>-16<sup>00<br \/>\n<\/sup>cs\u00fct\u00f6rt\u00f6k 8<sup>00<\/sup>-19<sup>00<br \/>\n<\/sup>p\u00e9ntek 8<sup>00<\/sup>-16<sup>00<br \/>\n<\/sup><\/p>\n<p><strong>A Sportcsarnok nyitva tart\u00e1sa:<\/strong><br \/>\nA Sportcsarnok h\u00e9tk\u00f6znap 8<sup>00<\/sup>-22<sup>00<\/sup> \u00f3r\u00e1ig tart nyitva. A Sportcsarnok h\u00e9tv\u00e9g\u00e9n ig\u00e9ny szerint tart nyitva.<\/p>\n<p><strong>A Helyt\u00f6rt\u00e9neti Gy\u0171jtem\u00e9ny nyitva tart\u00e1sa:<\/strong><br \/>\nA ki\u00e1ll\u00edt\u00e1s el\u0151zetes bejelentkez\u00e9s alapj\u00e1n l\u00e1togathat\u00f3. Bejelentkezni a K\u00f6z\u00f6ss\u00e9gi H\u00e1zban vagy az al\u00e1bbi telefonsz\u00e1mokon lehet: 406-432, 30-228-1774.<\/p>\n","protected":false},"excerpt":{"rendered":"<p>A K\u00f6z\u00f6ss\u00e9gi H\u00e1z munkanapokon 730-1800 \u00f3r\u00e1ig tart nyitva. A k\u00f6nyvt\u00e1r nyitva tart\u00e1sa: h\u00e9tf\u0151 800-1900 kedd 800-1600 szerda 800-1600 cs\u00fct\u00f6rt\u00f6k 800-1900 p\u00e9ntek 800-1600 szombat:&nbsp;havonta 2-szer 18-20 \u00f3r\u00e1ig, a rendezv\u00e9nyeinkhez igazodva. &nbsp; A sz\u00e1m\u00edt\u00f3g\u00e9pterem nyitva tart\u00e1sa: h\u00e9tf\u0151 800-1900 kedd 800-1600 szerda 800-1600 cs\u00fct\u00f6rt\u00f6k 800-1900 p\u00e9ntek 800-1600 A Sportcsarnok nyitva tart\u00e1sa: A Sportcsarnok h\u00e9tk\u00f6znap 800-2200 \u00f3r\u00e1ig tart nyitva. [&hellip;]<\/p>\n","protected":false},"author":3,"featured_media":0,"parent":163,"menu_order":3,"comment_status":"closed","ping_status":"closed","template":"","meta":{"footnotes":""},"class_list":["post-189","page","type-page","status-publish","hentry"],"_links":{"self":[{"href":"https:\/\/kozhaz.alsozsolca.hu\/index.php?rest_route=\/wp\/v2\/pages\/189","targetHints":{"allow":["GET"]}}],"collection":[{"href":"https:\/\/kozhaz.alsozsolca.hu\/index.php?rest_route=\/wp\/v2\/pages"}],"about":[{"href":"https:\/\/kozhaz.alsozsolca.hu\/index.php?rest_route=\/wp\/v2\/types\/page"}],"author":[{"embeddable":true,"href":"https:\/\/kozhaz.alsozsolca.hu\/index.php?rest_route=\/wp\/v2\/users\/3"}],"replies":[{"embeddable":true,"href":"https:\/\/kozhaz.alsozsolca.hu\/index.php?rest_route=%2Fwp%2Fv2%2Fcomments&post=189"}],"version-history":[{"count":50,"href":"https:\/\/kozhaz.alsozsolca.hu\/index.php?rest_route=\/wp\/v2\/pages\/189\/revisions"}],"predecessor-version":[{"id":22813,"href":"https:\/\/kozhaz.alsozsolca.hu\/index.php?rest_route=\/wp\/v2\/pages\/189\/revisions\/22813"}],"up":[{"embeddable":true,"href":"https:\/\/kozhaz.alsozsolca.hu\/index.php?rest_route=\/wp\/v2\/pages\/163"}],"wp:attachment":[{"href":"https:\/\/kozhaz.alsozsolca.hu\/index.php?rest_route=%2Fwp%2Fv2%2Fmedia&parent=189"}],"curies":[{"name":"wp","href":"https:\/\/api.w.org\/{rel}","templated":true}]}}