{"id":240,"date":"2014-04-30T15:19:45","date_gmt":"2014-04-30T15:19:45","guid":{"rendered":"http:\/\/kozhaz.alsozsolca.hu\/blog\/?page_id=240"},"modified":"2014-06-27T14:04:12","modified_gmt":"2014-06-27T14:04:12","slug":"szivarvany-vegyes-kar","status":"publish","type":"page","link":"https:\/\/kozhaz.alsozsolca.hu\/?page_id=240","title":{"rendered":"Sziv\u00e1rv\u00e1ny Vegyes Kar"},"content":{"rendered":"<p>Als\u00f3zsolc\u00e1n 1997 \u0151sz\u00e9n alakult meg a n\u00e9pdalk\u00f3rus a K\u00f6z\u00f6ss\u00e9gi H\u00e1z megnyit\u00e1sakor. C\u00e9ljuk volt a k\u00f6z\u00f6s \u00e9nekl\u00e9s \u00f6r\u00f6m\u00e9nek megteremt\u00e9se a k\u00f6rnyezet\u00fcnkben fellelhet\u0151 n\u00e9pdalkincs megismer\u00e9s\u00e9vel. Helyi n\u00e9pzenei hagyom\u00e1nyok kev\u00e9ss\u00e9 \u00e1lltak rendelkez\u00e9sre, ez\u00e9rt el\u0151bb Borsodb\u00f3l, majd m\u00e1s t\u00e1jegys\u00e9gek dalaib\u00f3l alkottak csokrokat (pl. szatm\u00e1ri, domah\u00e1zi, dun\u00e1nt\u00fali vid\u00e9kekr\u0151l). Az elm\u00falt \u00e9vek alatt j\u00f3 kapcsolatot \u00e9p\u00edtettek ki a k\u00f6rny\u00e9k k\u00f3rusaival az \u00e9vente megrendezett dalostal\u00e1lkoz\u00f3kon. T\u00f6bbsz\u00f6r vettek r\u00e9szt a Vass Lajos Region\u00e1lis N\u00e9pzenei Versenyeken. Ezeken t\u00f6bb alkalommal arany, egy esetben ez\u00fcst fokozatot \u00e9rtek el. 2007-ben a Szabolcs-Szatm\u00e1r-Bereg megyei Tarp\u00e1n r\u00e9szes\u00fcltek arany elismer\u00e9sben. Al\u00f3zsolca V\u00e1ros K\u00e9pvisel\u0151-test\u00fclet\u00e9t\u0151l 2005-ben az Als\u00f3zsolcai K\u00f6z\u00f6ss\u00e9g\u00e9rt kit\u00fcntet\u0151 oklevelet vehette \u00e1t a k\u00f3rus a helyi szerepl\u00e9sek\u00e9rt, melyre nagyon b\u00fcszk\u00e9k a vegyes kar tagjai. Az\u00f3ta is valamennyi Als\u00f3zsolc\u00e1t \u00e9rint\u0151 rendezv\u00e9nyen, nemzeti \u00fcnneps\u00e9gen sz\u00edvesen fell\u00e9pnek.<\/p>\n<p>A Sziv\u00e1rv\u00e1ny Vegyes Kar vezet\u0151i: Orosz Zsoltn\u00e9 (1997-2005), Dolhai Mikl\u00f3sn\u00e9 (2005-2012), Szab\u00f3 Zsuzsanna (2012-).<\/p>\n<p>A Sziv\u00e1rv\u00e1ny Vegyes Kar minden szerd\u00e1n 17<sup>00<\/sup>-19<sup>00 <\/sup>\u00f3r\u00e1ig tartja \u00f6sszej\u00f6vetel\u00e9t.<\/p>\n<figure id=\"attachment_550\" aria-describedby=\"caption-attachment-550\" style=\"width: 300px\" class=\"wp-caption aligncenter\"><a href=\"https:\/\/kozhaz.alsozsolca.hu\/blog\/wp-content\/uploads\/2014\/04\/PA130227.jpg\"><img loading=\"lazy\" decoding=\"async\" class=\"size-medium wp-image-550\" src=\"https:\/\/kozhaz.alsozsolca.hu\/blog\/wp-content\/uploads\/2014\/04\/PA130227-300x225.jpg\" alt=\"Sziv\u00e1rv\u00e1ny Vegyes Kar\" width=\"300\" height=\"225\" srcset=\"https:\/\/kozhaz.alsozsolca.hu\/wp-content\/uploads\/2014\/04\/PA130227-300x225.jpg 300w, https:\/\/kozhaz.alsozsolca.hu\/wp-content\/uploads\/2014\/04\/PA130227-1024x768.jpg 1024w\" sizes=\"auto, (max-width: 300px) 100vw, 300px\" \/><\/a><figcaption id=\"caption-attachment-550\" class=\"wp-caption-text\">A Sziv\u00e1rv\u00e1ny Vegyes Kar 2012-ben a XIII. \u0150szi Dalostal\u00e1lkoz\u00f3n \u00fcnnepelte fenn\u00e1ll\u00e1s\u00e1nak 15. \u00e9vfordul\u00f3j\u00e1t<\/figcaption><\/figure>\n","protected":false},"excerpt":{"rendered":"<p>Als\u00f3zsolc\u00e1n 1997 \u0151sz\u00e9n alakult meg a n\u00e9pdalk\u00f3rus a K\u00f6z\u00f6ss\u00e9gi H\u00e1z megnyit\u00e1sakor. C\u00e9ljuk volt a k\u00f6z\u00f6s \u00e9nekl\u00e9s \u00f6r\u00f6m\u00e9nek megteremt\u00e9se a k\u00f6rnyezet\u00fcnkben fellelhet\u0151 n\u00e9pdalkincs megismer\u00e9s\u00e9vel. Helyi n\u00e9pzenei hagyom\u00e1nyok kev\u00e9ss\u00e9 \u00e1lltak rendelkez\u00e9sre, ez\u00e9rt el\u0151bb Borsodb\u00f3l, majd m\u00e1s t\u00e1jegys\u00e9gek dalaib\u00f3l alkottak csokrokat (pl. szatm\u00e1ri, domah\u00e1zi, dun\u00e1nt\u00fali vid\u00e9kekr\u0151l). Az elm\u00falt \u00e9vek alatt j\u00f3 kapcsolatot \u00e9p\u00edtettek ki a k\u00f6rny\u00e9k k\u00f3rusaival az [&hellip;]<\/p>\n","protected":false},"author":2,"featured_media":0,"parent":137,"menu_order":2,"comment_status":"closed","ping_status":"closed","template":"","meta":{"footnotes":""},"class_list":["post-240","page","type-page","status-publish","hentry"],"_links":{"self":[{"href":"https:\/\/kozhaz.alsozsolca.hu\/index.php?rest_route=\/wp\/v2\/pages\/240","targetHints":{"allow":["GET"]}}],"collection":[{"href":"https:\/\/kozhaz.alsozsolca.hu\/index.php?rest_route=\/wp\/v2\/pages"}],"about":[{"href":"https:\/\/kozhaz.alsozsolca.hu\/index.php?rest_route=\/wp\/v2\/types\/page"}],"author":[{"embeddable":true,"href":"https:\/\/kozhaz.alsozsolca.hu\/index.php?rest_route=\/wp\/v2\/users\/2"}],"replies":[{"embeddable":true,"href":"https:\/\/kozhaz.alsozsolca.hu\/index.php?rest_route=%2Fwp%2Fv2%2Fcomments&post=240"}],"version-history":[{"count":8,"href":"https:\/\/kozhaz.alsozsolca.hu\/index.php?rest_route=\/wp\/v2\/pages\/240\/revisions"}],"predecessor-version":[{"id":1752,"href":"https:\/\/kozhaz.alsozsolca.hu\/index.php?rest_route=\/wp\/v2\/pages\/240\/revisions\/1752"}],"up":[{"embeddable":true,"href":"https:\/\/kozhaz.alsozsolca.hu\/index.php?rest_route=\/wp\/v2\/pages\/137"}],"wp:attachment":[{"href":"https:\/\/kozhaz.alsozsolca.hu\/index.php?rest_route=%2Fwp%2Fv2%2Fmedia&parent=240"}],"curies":[{"name":"wp","href":"https:\/\/api.w.org\/{rel}","templated":true}]}}