{"id":247,"date":"2014-04-30T15:34:01","date_gmt":"2014-04-30T15:34:01","guid":{"rendered":"http:\/\/kozhaz.alsozsolca.hu\/blog\/?page_id=247"},"modified":"2020-03-30T08:15:41","modified_gmt":"2020-03-30T08:15:41","slug":"alsozsolcai-nyugdijas-klub","status":"publish","type":"page","link":"https:\/\/kozhaz.alsozsolca.hu\/?page_id=247","title":{"rendered":"Als\u00f3zsolcai Nyugd\u00edjas Klub"},"content":{"rendered":"<p>Az Als\u00f3zsolcai Nyugd\u00edjas Klub 2002-ben alakult, jelenleg t\u00f6bb, mint 100 tagja van. A klub lehet\u0151s\u00e9gei szerint az al\u00e1bbi tev\u00e9kenys\u00e9geket v\u00e9gzi: eg\u00e9szs\u00e9gmeg\u0151rz\u00e9s, betegs\u00e9g-megel\u0151z\u00e9s \u00f6n\u00e1ll\u00f3an illetve egy\u00fcttm\u0171k\u00f6dve az eg\u00e9szs\u00e9g\u00fcgyi szervekkel; szoci\u00e1lis tev\u00e9kenys\u00e9g, csal\u00e1dseg\u00edt\u00e9s; id\u0151skor\u00faak gondoz\u00e1sa, betegl\u00e1togat\u00e1s; kultur\u00e1lis \u00e9s hagyom\u00e1ny\u0151rz\u0151 tev\u00e9kenys\u00e9g, a magyar kult\u00fara \u00e1pol\u00e1sa; term\u00e9szet- \u00e9s k\u00f6rnyezetv\u00e9delem, ismeretterjeszt\u00e9s. A klub r\u00e9szt vesz Als\u00f3zsolca kultur\u00e1lis, kegyeleti \u00e9s egy\u00e9b rendezv\u00e9nyein, azokon akt\u00edv szerepet v\u00e1llal. Havonta rendszeresen klubd\u00e9lut\u00e1nokat tartanak, ahol olyan programokat szerveznek, amelyeken a tagok sz\u00edvesen vesznek r\u00e9szt. \u00cdgy p\u00e9ld\u00e1ul szellemi vet\u00e9lked\u0151ket \u00e9s k\u00fcl\u00f6nb\u00f6z\u0151 versenyeket: sakk, malomj\u00e1t\u00e9k, keresztrejtv\u00e9nyfejt\u00e9s, activity j\u00e1t\u00e9k, k\u00e1rty\u00e1z\u00e1s, versmond\u00e1s, \u201eki mit tud\u201d g\u00e1la. Ezek a klubd\u00e9lut\u00e1nok vid\u00e1m hangulatban telnek el, egy-egy program, besz\u00e9lget\u00e9s ut\u00e1n mindenki lelkiekben felt\u00f6lt\u0151dve t\u00e9r haza. Rendszeresen szerveznek egy- vagy t\u00f6bbnapos kir\u00e1ndul\u00e1sokat, zen\u00e9s rendezv\u00e9nyeket, ahol a nyugd\u00edjasok kikapcsol\u00f3dhatnak. Tagjaik k\u00f6z\u00f6tt sok az id\u0151s, egyed\u00fcl \u00e9l\u0151, mag\u00e1nyos ember, akiknek egyed\u00fcli kikapcsol\u00f3d\u00e1st a nyugd\u00edjas klub jelent. Nyolc nyugd\u00edjas klubbal k\u00f6zvetlen, bar\u00e1ti kapcsolatot \u00e1polnak, k\u00f6z\u00f6sen szerveznek rendezv\u00e9nyeket, kir\u00e1ndul\u00e1sokat.<\/p>\n<p>A Nyugd\u00edjas Klub vezet\u0151je Ferencsik J\u00f3zsefn\u00e9, aki munk\u00e1j\u00e1\u00e9rt 2012-ben megkapta az elismer\u0151 <em>Als\u00f3zsolcai K\u00f6z\u00f6ss\u00e9g\u00e9rt<\/em> kit\u00fcntet\u00e9st. Ugyanezt a kit\u00fcntet\u00e9st vehette \u00e1t a Nyugd\u00edjas Klub k\u00f6z\u00f6ss\u00e9gszervez\u0151 munk\u00e1j\u00e1\u00e9rt 2007-ben.<\/p>\n<ul>\n<li><strong>\u00d6r\u00f6mt\u00e1nc: <\/strong>Az \u00f6r\u00f6mt\u00e1nc 2018 ny\u00e1r elej\u00e9n indult. C\u00e9lja az id\u0151skori demencia min\u00e9l k\u00e9s\u0151bbi kialakul\u00e1sa, a koncentr\u00e1ci\u00f3, a mozg\u00e1s \u00e9s a j\u00f3kedv \u00f6sszehangol\u00e1sa, az eg\u00e9szs\u00e9g meg\u0151rz\u00e9se, jav\u00edt\u00e1sa. Vezet\u0151: Berta Gizella, t\u00e1ncoktat\u00f3.<\/li>\n<li><strong>K\u00e9zm\u0171ves csoport: <\/strong>A k\u00e9zm\u0171vesked\u00e9s 2019.okt\u00f3bere \u00f3ta m\u0171k\u00f6dik, Budai J\u00f3zsefn\u00e9 N\u00f3ra vezet\u00e9s\u00e9vel. A nyugd\u00edjas tagok pap\u00edrfon\u00e1ssal \u00e9s m\u00e1s k\u00e9zm\u0171ves technik\u00e1kkal, otthoni haszn\u00e1lati t\u00e1rgyakat, kieg\u00e9sz\u00edt\u0151ket \u00e9s d\u00edszeket k\u00e9sz\u00edtenek kar\u00e1csonyra, illetve egy\u00e9b alkalmakra.<\/li>\n<\/ul>\n<figure id=\"attachment_519\" aria-describedby=\"caption-attachment-519\" style=\"width: 300px\" class=\"wp-caption aligncenter\"><a href=\"https:\/\/kozhaz.alsozsolca.hu\/blog\/wp-content\/uploads\/2014\/05\/beolvas\u00e1s0018.jpg\"><img loading=\"lazy\" decoding=\"async\" class=\"size-medium wp-image-519\" src=\"https:\/\/kozhaz.alsozsolca.hu\/blog\/wp-content\/uploads\/2014\/05\/beolvas\u00e1s0018-300x197.jpg\" alt=\"Als\u00f3zsolcai Nyugd\u00edjas Klub\" width=\"300\" height=\"197\" srcset=\"https:\/\/kozhaz.alsozsolca.hu\/wp-content\/uploads\/2014\/05\/beolvas\u00e1s0018-300x197.jpg 300w, https:\/\/kozhaz.alsozsolca.hu\/wp-content\/uploads\/2014\/05\/beolvas\u00e1s0018.jpg 1014w\" sizes=\"auto, (max-width: 300px) 100vw, 300px\" \/><\/a><figcaption id=\"caption-attachment-519\" class=\"wp-caption-text\">Az Als\u00f3zsolcai Nyugd\u00edjas Klub p\u00e1r tagja egy kir\u00e1ndul\u00e1s alkalm\u00e1val<\/figcaption><\/figure>\n","protected":false},"excerpt":{"rendered":"<p>Az Als\u00f3zsolcai Nyugd\u00edjas Klub 2002-ben alakult, jelenleg t\u00f6bb, mint 100 tagja van. A klub lehet\u0151s\u00e9gei szerint az al\u00e1bbi tev\u00e9kenys\u00e9geket v\u00e9gzi: eg\u00e9szs\u00e9gmeg\u0151rz\u00e9s, betegs\u00e9g-megel\u0151z\u00e9s \u00f6n\u00e1ll\u00f3an illetve egy\u00fcttm\u0171k\u00f6dve az eg\u00e9szs\u00e9g\u00fcgyi szervekkel; szoci\u00e1lis tev\u00e9kenys\u00e9g, csal\u00e1dseg\u00edt\u00e9s; id\u0151skor\u00faak gondoz\u00e1sa, betegl\u00e1togat\u00e1s; kultur\u00e1lis \u00e9s hagyom\u00e1ny\u0151rz\u0151 tev\u00e9kenys\u00e9g, a magyar kult\u00fara \u00e1pol\u00e1sa; term\u00e9szet- \u00e9s k\u00f6rnyezetv\u00e9delem, ismeretterjeszt\u00e9s. A klub r\u00e9szt vesz Als\u00f3zsolca kultur\u00e1lis, kegyeleti \u00e9s egy\u00e9b [&hellip;]<\/p>\n","protected":false},"author":2,"featured_media":0,"parent":137,"menu_order":3,"comment_status":"closed","ping_status":"closed","template":"","meta":{"footnotes":""},"class_list":["post-247","page","type-page","status-publish","hentry"],"_links":{"self":[{"href":"https:\/\/kozhaz.alsozsolca.hu\/index.php?rest_route=\/wp\/v2\/pages\/247","targetHints":{"allow":["GET"]}}],"collection":[{"href":"https:\/\/kozhaz.alsozsolca.hu\/index.php?rest_route=\/wp\/v2\/pages"}],"about":[{"href":"https:\/\/kozhaz.alsozsolca.hu\/index.php?rest_route=\/wp\/v2\/types\/page"}],"author":[{"embeddable":true,"href":"https:\/\/kozhaz.alsozsolca.hu\/index.php?rest_route=\/wp\/v2\/users\/2"}],"replies":[{"embeddable":true,"href":"https:\/\/kozhaz.alsozsolca.hu\/index.php?rest_route=%2Fwp%2Fv2%2Fcomments&post=247"}],"version-history":[{"count":8,"href":"https:\/\/kozhaz.alsozsolca.hu\/index.php?rest_route=\/wp\/v2\/pages\/247\/revisions"}],"predecessor-version":[{"id":19887,"href":"https:\/\/kozhaz.alsozsolca.hu\/index.php?rest_route=\/wp\/v2\/pages\/247\/revisions\/19887"}],"up":[{"embeddable":true,"href":"https:\/\/kozhaz.alsozsolca.hu\/index.php?rest_route=\/wp\/v2\/pages\/137"}],"wp:attachment":[{"href":"https:\/\/kozhaz.alsozsolca.hu\/index.php?rest_route=%2Fwp%2Fv2%2Fmedia&parent=247"}],"curies":[{"name":"wp","href":"https:\/\/api.w.org\/{rel}","templated":true}]}}