{"id":250,"date":"2014-04-30T15:36:00","date_gmt":"2014-04-30T15:36:00","guid":{"rendered":"http:\/\/kozhaz.alsozsolca.hu\/blog\/?page_id=250"},"modified":"2020-03-30T08:49:41","modified_gmt":"2020-03-30T08:49:41","slug":"noi-klub","status":"publish","type":"page","link":"https:\/\/kozhaz.alsozsolca.hu\/?page_id=250","title":{"rendered":"Vay Egyes\u00fclet"},"content":{"rendered":"<p>Az egyes\u00fclet c\u00e9lja, hogy min\u00e9l t\u00f6bb als\u00f3zsolcai csatlakozhasson m\u00faltunk, hagyom\u00e1nyaink, helyt\u00f6rt\u00e9net\u00fcnk \u00e1pol\u00e1s\u00e1hoz.<\/p>\n<p>A klubtagok bepillant\u00e1st nyernek a zsolcai el\u0151d\u00f6k, a h\u00edres Vayak \u00e9let\u00e9be.<\/p>\n<p>Als\u00f3zsolca V\u00e1ros \u00d6nkorm\u00e1nyzat\u00e1nak t\u00e1mogat\u00e1s\u00e1val m\u0171k\u00f6dik 2018 \u00f3ta.<\/p>\n<p>Eln\u00f6ke: Bodn\u00e1r Tam\u00e1s.<\/p>\n","protected":false},"excerpt":{"rendered":"<p>Az egyes\u00fclet c\u00e9lja, hogy min\u00e9l t\u00f6bb als\u00f3zsolcai csatlakozhasson m\u00faltunk, hagyom\u00e1nyaink, helyt\u00f6rt\u00e9net\u00fcnk \u00e1pol\u00e1s\u00e1hoz. A klubtagok bepillant\u00e1st nyernek a zsolcai el\u0151d\u00f6k, a h\u00edres Vayak \u00e9let\u00e9be. Als\u00f3zsolca V\u00e1ros \u00d6nkorm\u00e1nyzat\u00e1nak t\u00e1mogat\u00e1s\u00e1val m\u0171k\u00f6dik 2018 \u00f3ta. Eln\u00f6ke: Bodn\u00e1r Tam\u00e1s.<\/p>\n","protected":false},"author":2,"featured_media":0,"parent":137,"menu_order":4,"comment_status":"closed","ping_status":"closed","template":"","meta":{"footnotes":""},"class_list":["post-250","page","type-page","status-publish","hentry"],"_links":{"self":[{"href":"https:\/\/kozhaz.alsozsolca.hu\/index.php?rest_route=\/wp\/v2\/pages\/250","targetHints":{"allow":["GET"]}}],"collection":[{"href":"https:\/\/kozhaz.alsozsolca.hu\/index.php?rest_route=\/wp\/v2\/pages"}],"about":[{"href":"https:\/\/kozhaz.alsozsolca.hu\/index.php?rest_route=\/wp\/v2\/types\/page"}],"author":[{"embeddable":true,"href":"https:\/\/kozhaz.alsozsolca.hu\/index.php?rest_route=\/wp\/v2\/users\/2"}],"replies":[{"embeddable":true,"href":"https:\/\/kozhaz.alsozsolca.hu\/index.php?rest_route=%2Fwp%2Fv2%2Fcomments&post=250"}],"version-history":[{"count":6,"href":"https:\/\/kozhaz.alsozsolca.hu\/index.php?rest_route=\/wp\/v2\/pages\/250\/revisions"}],"predecessor-version":[{"id":19898,"href":"https:\/\/kozhaz.alsozsolca.hu\/index.php?rest_route=\/wp\/v2\/pages\/250\/revisions\/19898"}],"up":[{"embeddable":true,"href":"https:\/\/kozhaz.alsozsolca.hu\/index.php?rest_route=\/wp\/v2\/pages\/137"}],"wp:attachment":[{"href":"https:\/\/kozhaz.alsozsolca.hu\/index.php?rest_route=%2Fwp%2Fv2%2Fmedia&parent=250"}],"curies":[{"name":"wp","href":"https:\/\/api.w.org\/{rel}","templated":true}]}}