{"id":252,"date":"2014-04-30T15:37:10","date_gmt":"2014-04-30T15:37:10","guid":{"rendered":"http:\/\/kozhaz.alsozsolca.hu\/blog\/?page_id=252"},"modified":"2020-03-30T08:44:40","modified_gmt":"2020-03-30T08:44:40","slug":"zumba","status":"publish","type":"page","link":"https:\/\/kozhaz.alsozsolca.hu\/?page_id=252","title":{"rendered":"Zumba"},"content":{"rendered":"<p>Minden kedden 17<sup>30<\/sup> \u00f3r\u00e1t\u00f3l a K\u00f6z\u00f6ss\u00e9gi H\u00e1zban zumba foglalkoz\u00e1sokat tartunk. \u00c9rdekl\u0151dni \u00e9s jelentkezni lehet a Kolobisk\u00f3 Rit\u00e1n\u00e1l a 70 9403751-es telefonsz\u00e1mon, a K\u00f6z\u00f6ss\u00e9gi H\u00e1zban szem\u00e9lyesen vagy a 406-432 telefonsz\u00e1mon.<\/p>\n<figure id=\"attachment_543\" aria-describedby=\"caption-attachment-543\" style=\"width: 800px\" class=\"wp-caption aligncenter\"><a href=\"https:\/\/kozhaz.alsozsolca.hu\/blog\/wp-content\/uploads\/2014\/04\/zumba2.jpg\"><img loading=\"lazy\" decoding=\"async\" class=\"wp-image-543 size-full\" src=\"https:\/\/kozhaz.alsozsolca.hu\/blog\/wp-content\/uploads\/2014\/04\/zumba2.jpg\" alt=\"Zumba\" width=\"800\" height=\"533\" srcset=\"https:\/\/kozhaz.alsozsolca.hu\/wp-content\/uploads\/2014\/04\/zumba2.jpg 800w, https:\/\/kozhaz.alsozsolca.hu\/wp-content\/uploads\/2014\/04\/zumba2-300x199.jpg 300w\" sizes=\"auto, (max-width: 800px) 100vw, 800px\" \/><\/a><figcaption id=\"caption-attachment-543\" class=\"wp-caption-text\">Zumba bemutat\u00f3 a sportp\u00e1ly\u00e1n<\/figcaption><\/figure>\n","protected":false},"excerpt":{"rendered":"<p>Minden kedden 1730 \u00f3r\u00e1t\u00f3l a K\u00f6z\u00f6ss\u00e9gi H\u00e1zban zumba foglalkoz\u00e1sokat tartunk. \u00c9rdekl\u0151dni \u00e9s jelentkezni lehet a Kolobisk\u00f3 Rit\u00e1n\u00e1l a 70 9403751-es telefonsz\u00e1mon, a K\u00f6z\u00f6ss\u00e9gi H\u00e1zban szem\u00e9lyesen vagy a 406-432 telefonsz\u00e1mon.<\/p>\n","protected":false},"author":2,"featured_media":0,"parent":137,"menu_order":5,"comment_status":"closed","ping_status":"closed","template":"","meta":{"footnotes":""},"class_list":["post-252","page","type-page","status-publish","hentry"],"_links":{"self":[{"href":"https:\/\/kozhaz.alsozsolca.hu\/index.php?rest_route=\/wp\/v2\/pages\/252","targetHints":{"allow":["GET"]}}],"collection":[{"href":"https:\/\/kozhaz.alsozsolca.hu\/index.php?rest_route=\/wp\/v2\/pages"}],"about":[{"href":"https:\/\/kozhaz.alsozsolca.hu\/index.php?rest_route=\/wp\/v2\/types\/page"}],"author":[{"embeddable":true,"href":"https:\/\/kozhaz.alsozsolca.hu\/index.php?rest_route=\/wp\/v2\/users\/2"}],"replies":[{"embeddable":true,"href":"https:\/\/kozhaz.alsozsolca.hu\/index.php?rest_route=%2Fwp%2Fv2%2Fcomments&post=252"}],"version-history":[{"count":13,"href":"https:\/\/kozhaz.alsozsolca.hu\/index.php?rest_route=\/wp\/v2\/pages\/252\/revisions"}],"predecessor-version":[{"id":19897,"href":"https:\/\/kozhaz.alsozsolca.hu\/index.php?rest_route=\/wp\/v2\/pages\/252\/revisions\/19897"}],"up":[{"embeddable":true,"href":"https:\/\/kozhaz.alsozsolca.hu\/index.php?rest_route=\/wp\/v2\/pages\/137"}],"wp:attachment":[{"href":"https:\/\/kozhaz.alsozsolca.hu\/index.php?rest_route=%2Fwp%2Fv2%2Fmedia&parent=252"}],"curies":[{"name":"wp","href":"https:\/\/api.w.org\/{rel}","templated":true}]}}