{"id":319,"date":"2014-05-03T13:35:26","date_gmt":"2014-05-03T13:35:26","guid":{"rendered":"http:\/\/kozhaz.alsozsolca.hu\/blog\/?page_id=319"},"modified":"2023-04-20T13:56:42","modified_gmt":"2023-04-20T13:56:42","slug":"szolgaltatasok","status":"publish","type":"page","link":"https:\/\/kozhaz.alsozsolca.hu\/?page_id=319","title":{"rendered":"El\u00e9rhet\u0151s\u00e9g, szolg\u00e1ltat\u00e1sok"},"content":{"rendered":"<p><strong>Sportcsarnok<\/strong><br \/>\n3571 Als\u00f3zsolca<br \/>\nIlona \u00fat 4.<br \/>\nTel.: 46\/406-319<\/p>\n<p><iframe loading=\"lazy\" src=\"https:\/\/www.google.hu\/maps?f=q&amp;source=s_q&amp;hl=hu&amp;geocode=&amp;q=als%C3%B3zsolca+ilona+%C3%BAt+4.&amp;aq=&amp;sll=47.15984,19.500732&amp;sspn=5.812227,15.150146&amp;ie=UTF8&amp;hq=&amp;hnear=3571+Als%C3%B3zsolca,+Ilona+%C3%BAt+4&amp;ll=48.07107,20.882227&amp;spn=0.005578,0.014795&amp;t=m&amp;z=14&amp;output=embed\" width=\"425\" height=\"350\" frameborder=\"0\" marginwidth=\"0\" marginheight=\"0\" scrolling=\"no\"><\/iframe><br \/>\n<small><a style=\"color: #0000ff; text-align: left;\" href=\"https:\/\/www.google.hu\/maps?f=q&amp;source=embed&amp;hl=hu&amp;geocode=&amp;q=als%C3%B3zsolca+ilona+%C3%BAt+4.&amp;aq=&amp;sll=47.15984,19.500732&amp;sspn=5.812227,15.150146&amp;ie=UTF8&amp;hq=&amp;hnear=3571+Als%C3%B3zsolca,+Ilona+%C3%BAt+4&amp;ll=48.07107,20.882227&amp;spn=0.005578,0.014795&amp;t=m&amp;z=14\">Nagyobb t\u00e9rk\u00e9pre v\u00e1lt\u00e1s<\/a><\/small><\/p>\n<p><strong>2015. j\u00fanius 29-t\u0151l haszn\u00e1lhat\u00f3 a szabadt\u00e9ri kondipark \u00e9s a rekort\u00e1n p\u00e1lya, melyekre <a href=\"https:\/\/kozhaz.alsozsolca.hu\/wp-content\/uploads\/2014\/05\/A-sportp\u00e1lya-haszn\u00e1lati-rendje.pdf\">a sportp\u00e1lya haszn\u00e1lati rendje<\/a> vonatkozik.<\/strong><\/p>\n<p><strong>A Sportcsarnok teremb\u00e9rleti d\u00edjai 2023.janu\u00e1r 1-t\u0151l:<\/strong><\/p>\n<p>&nbsp;<\/p>\n<p><strong><u>K\u00fczd\u0151t\u00e9r k\u00e9zilabda feln\u0151tt <\/u><\/strong><\/p>\n<ul>\n<li>h\u00e9tk\u00f6znap: 12.500,- Ft\/\u00f3ra<\/li>\n<\/ul>\n<p>szombat, vas\u00e1rnap, munkasz\u00fcneti- \u00e9s \u00fcnnepnap:&nbsp; 15.000,- Ft\/\u00f3ra<\/p>\n<ul>\n<li>k\u00e9szenl\u00e9ti d\u00edj: 6.000,- Ft\/alkalom<\/li>\n<\/ul>\n<p>szombat, vas\u00e1rnap, munkasz\u00fcneti- \u00e9s \u00fcnnepnap: 7.000,- Ft\/alkalom<\/p>\n<ul>\n<li>kijelz\u0151 haszn\u00e1lati d\u00edj 6.000,- Ft\/alkalom<\/li>\n<\/ul>\n<p>szombat, vas\u00e1rnap, munkasz\u00fcneti- \u00e9s \u00fcnnepnap : 7.000,- Ft\/\u00f3ra<\/p>\n<p>&nbsp;<\/p>\n<p><strong><u>K\u00fczd\u0151t\u00e9r k\u00e9zilabda 14 f\u0151 di\u00e1k<\/u> <\/strong><\/p>\n<ul>\n<li>h\u00e9tk\u00f6znap: 11.000,- Ft\/\u00f3ra;<\/li>\n<\/ul>\n<p>szombat, vas\u00e1rnap, munkasz\u00fcneti- \u00e9s \u00fcnnepnap: 13.000,- Ft\/\u00f3ra<\/p>\n<ul>\n<li>k\u00e9szenl\u00e9ti d\u00edj 5.500,- Ft\/alkalom<\/li>\n<\/ul>\n<p>szombat, vas\u00e1rnap, munkasz\u00fcneti- \u00e9s \u00fcnnepnap: 6.500,- Ft\/\u00f3ra<\/p>\n<ul>\n<li>kijelz\u0151 haszn\u00e1lati d\u00edj 5.500,- Ft\/alkalom<\/li>\n<\/ul>\n<p>szombat, vas\u00e1rnap, munkasz\u00fcneti- \u00e9s \u00fcnnepnap: 6.500,- Ft\/\u00f3ra<\/p>\n<p>&nbsp;<\/p>\n<p><strong><u>K\u00fczd\u0151t\u00e9r tenisz feln\u0151tt <\/u><\/strong><\/p>\n<ul>\n<li>h\u00e9tk\u00f6znap: 12.500,- Ft\/\u00f3ra<\/li>\n<\/ul>\n<p>szombat, vas\u00e1rnap, munkasz\u00fcneti- \u00e9s \u00fcnnepnap:&nbsp; 15.000,- Ft\/\u00f3ra<\/p>\n<ul>\n<li>k\u00e9szenl\u00e9ti d\u00edj: 6.000,- Ft\/alkalom<\/li>\n<\/ul>\n<p>szombat, vas\u00e1rnap, munkasz\u00fcneti- \u00e9s \u00fcnnepnap: 7.000,- Ft\/alkalom<\/p>\n<ul>\n<li>kijelz\u0151 haszn\u00e1lati d\u00edj 6.000,- Ft\/alkalom<\/li>\n<\/ul>\n<p>szombat, vas\u00e1rnap, munkasz\u00fcneti- \u00e9s \u00fcnnepnap : 7.000,- Ft\/\u00f3ra<\/p>\n<p>&nbsp;<\/p>\n<p><strong><u>K\u00fczd\u0151t\u00e9r tenisz 14 f\u0151 di\u00e1k<\/u> <\/strong><\/p>\n<ul>\n<li>h\u00e9tk\u00f6znap: 11.000,- Ft\/\u00f3ra;<\/li>\n<\/ul>\n<p>szombat, vas\u00e1rnap, munkasz\u00fcneti- \u00e9s \u00fcnnepnap: 13.000,- Ft\/\u00f3ra<\/p>\n<ul>\n<li>k\u00e9szenl\u00e9ti d\u00edj 5.500,- Ft\/alkalom<\/li>\n<\/ul>\n<p>szombat, vas\u00e1rnap, munkasz\u00fcneti- \u00e9s \u00fcnnepnap: 6.500,- Ft\/\u00f3ra<\/p>\n<ul>\n<li>kijelz\u0151 haszn\u00e1lati d\u00edj 5.500,- Ft\/alkalom<\/li>\n<\/ul>\n<p>szombat, vas\u00e1rnap, munkasz\u00fcneti- \u00e9s \u00fcnnepnap: 6.500,- Ft\/\u00f3ra<\/p>\n<p>&nbsp;<\/p>\n<p><strong><u>K\u00fczd\u0151t\u00e9r futball feln\u0151tt <\/u><\/strong><\/p>\n<ul>\n<li>h\u00e9tk\u00f6znap: 12.500,- Ft\/\u00f3ra<\/li>\n<\/ul>\n<p>szombat, vas\u00e1rnap, munkasz\u00fcneti- \u00e9s \u00fcnnepnap:&nbsp; 15.000,- Ft\/\u00f3ra<\/p>\n<ul>\n<li>k\u00e9szenl\u00e9ti d\u00edj: 6.000,- Ft\/alkalom<\/li>\n<\/ul>\n<p>szombat, vas\u00e1rnap, munkasz\u00fcneti- \u00e9s \u00fcnnepnap: 7.000,- Ft\/alkalom<\/p>\n<ul>\n<li>kijelz\u0151 haszn\u00e1lati d\u00edj 6.000,- Ft\/alkalom<\/li>\n<\/ul>\n<p>szombat, vas\u00e1rnap, munkasz\u00fcneti- \u00e9s \u00fcnnepnap : 7.000,- Ft\/\u00f3ra<\/p>\n<p>&nbsp;<\/p>\n<p><strong><u>K\u00fczd\u0151t\u00e9r futball 14 f\u0151 di\u00e1k<\/u> <\/strong><\/p>\n<ul>\n<li>h\u00e9tk\u00f6znap: 11.000,- Ft\/\u00f3ra;<\/li>\n<\/ul>\n<p>szombat, vas\u00e1rnap, munkasz\u00fcneti- \u00e9s \u00fcnnepnap: 13.000,- Ft\/\u00f3ra<\/p>\n<ul>\n<li>k\u00e9szenl\u00e9ti d\u00edj 5.500,- Ft\/alkalom<\/li>\n<\/ul>\n<p>szombat, vas\u00e1rnap, munkasz\u00fcneti- \u00e9s \u00fcnnepnap: 6.500,- Ft\/\u00f3ra<\/p>\n<ul>\n<li>kijelz\u0151 haszn\u00e1lati d\u00edj 5.500,- Ft\/alkalom<\/li>\n<\/ul>\n<p>szombat, vas\u00e1rnap, munkasz\u00fcneti- \u00e9s \u00fcnnepnap: 6.500,- Ft\/\u00f3ra<\/p>\n<p>&nbsp;<\/p>\n<p><strong><u>Konditerem d\u00edja<\/u><\/strong><\/p>\n<ul>\n<li>b\u00e9rletek:<\/li>\n<\/ul>\n<p>30 napos&nbsp; &nbsp; &nbsp; &nbsp; &nbsp;11.000,- Ft\/f\u0151<\/p>\n<p>negyed\u00e9ves&nbsp; &nbsp; 20.000,- Ft\/f\u0151<\/p>\n<p>f\u00e9l\u00e9ves&nbsp; &nbsp; &nbsp; &nbsp; &nbsp; &nbsp; &nbsp;30.000,- Ft\/f\u0151<\/p>\n<p><strong><u>T\u00fckr\u00f6s terem d\u00edja: <\/u><\/strong>600,- Ft\/f\u0151\/\u00f3ra<\/p>\n<p>B\u00fcf\u00e9 25.000,- Ft\/alkalom<\/p>\n<p>Teremb\u00e9rletr\u0151l \u00e9rdekl\u0151dni lehet:&nbsp;<br \/>\nTel.: 46\/406-319,&nbsp;<\/p>\n<p><strong>A Sportcsarnok nyitva tart\u00e1sa:<\/strong><br \/>\nA Sportcsarnok h\u00e9tk\u00f6znap 10<sup>00<\/sup>-22<sup>00<\/sup> \u00f3r\u00e1ig tart nyitva. A tov\u00e1bbi k\u00e9r\u00e9seket, bejelentkez\u00e9seket telefonos egyeztet\u00e9s alapj\u00e1n tudjuk fogadni.<\/p>\n","protected":false},"excerpt":{"rendered":"<p>Sportcsarnok 3571 Als\u00f3zsolca Ilona \u00fat 4. Tel.: 46\/406-319 Nagyobb t\u00e9rk\u00e9pre v\u00e1lt\u00e1s 2015. j\u00fanius 29-t\u0151l haszn\u00e1lhat\u00f3 a szabadt\u00e9ri kondipark \u00e9s a rekort\u00e1n p\u00e1lya, melyekre a sportp\u00e1lya haszn\u00e1lati rendje vonatkozik. A Sportcsarnok teremb\u00e9rleti d\u00edjai 2023.janu\u00e1r 1-t\u0151l: &nbsp; K\u00fczd\u0151t\u00e9r k\u00e9zilabda feln\u0151tt h\u00e9tk\u00f6znap: 12.500,- Ft\/\u00f3ra szombat, vas\u00e1rnap, munkasz\u00fcneti- \u00e9s \u00fcnnepnap:&nbsp; 15.000,- Ft\/\u00f3ra k\u00e9szenl\u00e9ti d\u00edj: 6.000,- Ft\/alkalom szombat, vas\u00e1rnap, munkasz\u00fcneti- [&hellip;]<\/p>\n","protected":false},"author":3,"featured_media":0,"parent":175,"menu_order":1,"comment_status":"closed","ping_status":"closed","template":"","meta":{"footnotes":""},"class_list":["post-319","page","type-page","status-publish","hentry"],"_links":{"self":[{"href":"https:\/\/kozhaz.alsozsolca.hu\/index.php?rest_route=\/wp\/v2\/pages\/319","targetHints":{"allow":["GET"]}}],"collection":[{"href":"https:\/\/kozhaz.alsozsolca.hu\/index.php?rest_route=\/wp\/v2\/pages"}],"about":[{"href":"https:\/\/kozhaz.alsozsolca.hu\/index.php?rest_route=\/wp\/v2\/types\/page"}],"author":[{"embeddable":true,"href":"https:\/\/kozhaz.alsozsolca.hu\/index.php?rest_route=\/wp\/v2\/users\/3"}],"replies":[{"embeddable":true,"href":"https:\/\/kozhaz.alsozsolca.hu\/index.php?rest_route=%2Fwp%2Fv2%2Fcomments&post=319"}],"version-history":[{"count":26,"href":"https:\/\/kozhaz.alsozsolca.hu\/index.php?rest_route=\/wp\/v2\/pages\/319\/revisions"}],"predecessor-version":[{"id":23048,"href":"https:\/\/kozhaz.alsozsolca.hu\/index.php?rest_route=\/wp\/v2\/pages\/319\/revisions\/23048"}],"up":[{"embeddable":true,"href":"https:\/\/kozhaz.alsozsolca.hu\/index.php?rest_route=\/wp\/v2\/pages\/175"}],"wp:attachment":[{"href":"https:\/\/kozhaz.alsozsolca.hu\/index.php?rest_route=%2Fwp%2Fv2%2Fmedia&parent=319"}],"curies":[{"name":"wp","href":"https:\/\/api.w.org\/{rel}","templated":true}]}}