{"id":330,"date":"2014-05-05T14:02:42","date_gmt":"2014-05-05T14:02:42","guid":{"rendered":"http:\/\/kozhaz.alsozsolca.hu\/blog\/?page_id=330"},"modified":"2014-11-19T10:41:39","modified_gmt":"2014-11-19T10:41:39","slug":"labdarugas","status":"publish","type":"page","link":"https:\/\/kozhaz.alsozsolca.hu\/?page_id=330","title":{"rendered":"Labdar\u00fag\u00e1s"},"content":{"rendered":"<p><strong>Az Als\u00f3zsolcai KSC Labdar\u00fag\u00f3 Szakoszt\u00e1ly<\/strong><\/p>\n<p>Eln\u00f6k: Cs\u00f6b\u00f6r Katalin<br \/>\nAleln\u00f6k: Szab\u00f3 L\u00e1szl\u00f3<br \/>\nAleln\u00f6k: Orosz S\u00e1ndor<br \/>\nAleln\u00f6k: Mike P\u00e1l<br \/>\nVezet\u0151 edz\u0151: Orl\u00f3czki Tibor<br \/>\nP\u00e1lya edz\u0151: Borb\u00e9ly Istv\u00e1n<br \/>\nUt\u00e1np\u00f3tl\u00e1s edz\u0151: Heged\u0171s Csaba<br \/>\nKapus edz\u0151: F\u00e9s\u0171s Tam\u00e1s<br \/>\nTartal\u00e9k ut\u00e1np\u00f3tl\u00e1s edz\u0151: Roha R\u00f3bert<br \/>\nFeln\u0151tt tartal\u00e9k csapat edz\u0151: Roha R\u00f3bert<\/p>\n<p>Jelenleg 8 csapattal m\u0171k\u00f6dik a szakoszt\u00e1ly: U7, U9, U11, U13, U13 tartal\u00e9k, ifi, feln\u0151tt, feln\u0151tt tartal\u00e9k. A k\u00f6zelj\u00f6v\u0151ben az U15 koroszt\u00e1ly elind\u00edt\u00e1sa is a tervek k\u00f6z\u00f6tt szerepel.<br \/>\nA szakmai munk\u00e1t Orl\u00f3czki Tibor ir\u00e1ny\u00edtja, akinek a licenszes edz\u0151i v\u00e9gzetts\u00e9ge valamint az NB1-es \u00e9s NB2-es j\u00e1t\u00e9kosi \u00e9s edz\u0151i tapasztalata seg\u00edti a felk\u00e9sz\u00fcl\u00e9st.<\/p>\n<p>K\u00f6zel 100 igazolt j\u00e1t\u00e9kosa van a szakoszt\u00e1lynak, akik a k\u00e9t feln\u0151tt kapus kiv\u00e9tel\u00e9vel mindannyian helyi lakosok. Szerz\u0151d\u00e9sben \u00e1llnak a Debreceni Labdar\u00fag\u00f3 Akad\u00e9mi\u00e1val, hogy a tehets\u00e9ges fiatalok ott tudj\u00e1k folytatni sportol\u00f3i p\u00e1lyafut\u00e1sukat. Tov\u00e1bb\u00e1 j\u00f3 viszonyt \u00e1polnak a szombathelyi Ill\u00e9s Akad\u00e9mi\u00e1val \u00e9s szinte valamennyi NB1-es klubbal.<\/p>\n<p>Edz\u00e9sek id\u0151pontjai 2014. december 10-ig:<br \/>\nh\u00e9tf\u0151: 19<sup>00<\/sup>-20<sup>00 <\/sup>\u00f3ra feln\u0151tt, 20<sup>00<\/sup>-21<sup>00 <\/sup>\u00f3ra ifi<br \/>\nkedd: 16<sup>00<\/sup>-17<sup>00 <\/sup>\u00f3ra U7,\u00a017<sup>00<\/sup>-18<sup>00 <\/sup>\u00f3ra U9-U11<br \/>\nszerda\u00a019<sup>00<\/sup>-20<sup>00 <\/sup>\u00f3ra U13, 20<sup>00<\/sup>-21<sup>00 <\/sup>\u00f3ra ifi<br \/>\ncs\u00fct\u00f6rt\u00f6k: 17<sup>00<\/sup>-18<sup>00 <\/sup>\u00f3ra U7, 18<sup>00<\/sup>-19<sup>00 <\/sup>\u00f3ra U9-U11, 20<sup>00<\/sup>-21<sup>00 <\/sup>\u00f3ra feln\u0151tt<br \/>\np\u00e9ntek: 19<sup>30<\/sup>-21<sup>00 <\/sup>\u00f3ra U13<\/p>\n","protected":false},"excerpt":{"rendered":"<p>Az Als\u00f3zsolcai KSC Labdar\u00fag\u00f3 Szakoszt\u00e1ly Eln\u00f6k: Cs\u00f6b\u00f6r Katalin Aleln\u00f6k: Szab\u00f3 L\u00e1szl\u00f3 Aleln\u00f6k: Orosz S\u00e1ndor Aleln\u00f6k: Mike P\u00e1l Vezet\u0151 edz\u0151: Orl\u00f3czki Tibor P\u00e1lya edz\u0151: Borb\u00e9ly Istv\u00e1n Ut\u00e1np\u00f3tl\u00e1s edz\u0151: Heged\u0171s Csaba Kapus edz\u0151: F\u00e9s\u0171s Tam\u00e1s Tartal\u00e9k ut\u00e1np\u00f3tl\u00e1s edz\u0151: Roha R\u00f3bert Feln\u0151tt tartal\u00e9k csapat edz\u0151: Roha R\u00f3bert Jelenleg 8 csapattal m\u0171k\u00f6dik a szakoszt\u00e1ly: U7, U9, U11, U13, U13 [&hellip;]<\/p>\n","protected":false},"author":2,"featured_media":0,"parent":175,"menu_order":4,"comment_status":"closed","ping_status":"closed","template":"","meta":{"footnotes":""},"class_list":["post-330","page","type-page","status-publish","hentry"],"_links":{"self":[{"href":"https:\/\/kozhaz.alsozsolca.hu\/index.php?rest_route=\/wp\/v2\/pages\/330","targetHints":{"allow":["GET"]}}],"collection":[{"href":"https:\/\/kozhaz.alsozsolca.hu\/index.php?rest_route=\/wp\/v2\/pages"}],"about":[{"href":"https:\/\/kozhaz.alsozsolca.hu\/index.php?rest_route=\/wp\/v2\/types\/page"}],"author":[{"embeddable":true,"href":"https:\/\/kozhaz.alsozsolca.hu\/index.php?rest_route=\/wp\/v2\/users\/2"}],"replies":[{"embeddable":true,"href":"https:\/\/kozhaz.alsozsolca.hu\/index.php?rest_route=%2Fwp%2Fv2%2Fcomments&post=330"}],"version-history":[{"count":6,"href":"https:\/\/kozhaz.alsozsolca.hu\/index.php?rest_route=\/wp\/v2\/pages\/330\/revisions"}],"predecessor-version":[{"id":2913,"href":"https:\/\/kozhaz.alsozsolca.hu\/index.php?rest_route=\/wp\/v2\/pages\/330\/revisions\/2913"}],"up":[{"embeddable":true,"href":"https:\/\/kozhaz.alsozsolca.hu\/index.php?rest_route=\/wp\/v2\/pages\/175"}],"wp:attachment":[{"href":"https:\/\/kozhaz.alsozsolca.hu\/index.php?rest_route=%2Fwp%2Fv2%2Fmedia&parent=330"}],"curies":[{"name":"wp","href":"https:\/\/api.w.org\/{rel}","templated":true}]}}