{"id":333,"date":"2014-05-05T14:17:23","date_gmt":"2014-05-05T14:17:23","guid":{"rendered":"http:\/\/kozhaz.alsozsolca.hu\/blog\/?page_id=333"},"modified":"2014-05-07T10:01:08","modified_gmt":"2014-05-07T10:01:08","slug":"a-gyujtemeny","status":"publish","type":"page","link":"https:\/\/kozhaz.alsozsolca.hu\/?page_id=333","title":{"rendered":"A gy\u0171jtem\u00e9ny"},"content":{"rendered":"<p style=\"text-align: left;\">Als\u00f3zsolca v\u00e1ros Helyt\u00f6rt\u00e9neti Gy\u0171jtem\u00e9nye a telep\u00fcl\u00e9s k\u00f6zpontj\u00e1ban, a reform\u00e1tus templom szomsz\u00e9ds\u00e1g\u00e1ban, a Kossuth Lajos \u00fat 162. sz\u00e1m alatt tal\u00e1lhat\u00f3. A gy\u0171jtem\u00e9nynek helyet ad\u00f3 \u00e9p\u00fclet \u00e9s el\u0151dje mindig iskolak\u00e9nt vagy k\u00e1ntori illetve pedag\u00f3guslak\u00e1sk\u00e9nt funkcion\u00e1lt. A telep\u00fcl\u00e9s K\u00e9pvisel\u0151-test\u00fclet\u00e9nek d\u00f6nt\u00e9se nyom\u00e1n 2009-ben megv\u00e1s\u00e1rolt\u00e1k a nagy telken \u00e1ll\u00f3 h\u00e1zat, melyet ki\u00e1ll\u00edt\u00e1si c\u00e9lra \u00e1talak\u00edtottak, s itt helyezt\u00e9k el Als\u00f3zsolca t\u00f6rt\u00e9net\u00e9nek fontos eml\u00e9keit.<\/p>\n<p style=\"text-align: left;\">\n<p style=\"text-align: left;\">\n<figure id=\"attachment_334\" aria-describedby=\"caption-attachment-334\" style=\"width: 300px\" class=\"wp-caption alignleft\"><a href=\"https:\/\/kozhaz.alsozsolca.hu\/blog\/wp-content\/uploads\/2014\/05\/DSCF6430.jpg\"><img loading=\"lazy\" decoding=\"async\" class=\"size-medium wp-image-334\" src=\"https:\/\/kozhaz.alsozsolca.hu\/blog\/wp-content\/uploads\/2014\/05\/DSCF6430-300x225.jpg\" alt=\"Helyt\u00f6rt\u00e9neti Gy\u0171jtem\u00e9ny\" width=\"300\" height=\"225\" srcset=\"https:\/\/kozhaz.alsozsolca.hu\/wp-content\/uploads\/2014\/05\/DSCF6430-300x225.jpg 300w, https:\/\/kozhaz.alsozsolca.hu\/wp-content\/uploads\/2014\/05\/DSCF6430-1024x768.jpg 1024w\" sizes=\"auto, (max-width: 300px) 100vw, 300px\" \/><\/a><figcaption id=\"caption-attachment-334\" class=\"wp-caption-text\">A Helyt\u00f6rt\u00e9neti Gy\u0171jtem\u00e9ny \u00e9p\u00fclete<\/figcaption><\/figure>\n<figure id=\"attachment_335\" aria-describedby=\"caption-attachment-335\" style=\"width: 300px\" class=\"wp-caption alignright\"><a href=\"https:\/\/kozhaz.alsozsolca.hu\/blog\/wp-content\/uploads\/2014\/05\/DSCF6435.jpg\"><img loading=\"lazy\" decoding=\"async\" class=\"wp-image-335 size-medium\" src=\"https:\/\/kozhaz.alsozsolca.hu\/blog\/wp-content\/uploads\/2014\/05\/DSCF6435-300x225.jpg\" alt=\"Helyt\u00f6rt\u00e9neti Gy\u0171jtem\u00e9ny\" width=\"300\" height=\"225\" srcset=\"https:\/\/kozhaz.alsozsolca.hu\/wp-content\/uploads\/2014\/05\/DSCF6435-300x225.jpg 300w, https:\/\/kozhaz.alsozsolca.hu\/wp-content\/uploads\/2014\/05\/DSCF6435-1024x768.jpg 1024w\" sizes=\"auto, (max-width: 300px) 100vw, 300px\" \/><\/a><figcaption id=\"caption-attachment-335\" class=\"wp-caption-text\">&#8230; \u00e9s az udvara<\/figcaption><\/figure>\n<p>&nbsp;<\/p>\n<p>&nbsp;<\/p>\n<p>&nbsp;<\/p>\n<p>&nbsp;<\/p>\n<p>&nbsp;<\/p>\n<p>&nbsp;<\/p>\n<p>&nbsp;<\/p>\n<p style=\"text-align: left;\">A ki\u00e1ll\u00edt\u00e1st &#8211; Farkas Ferenc gy\u0171jt\u00e9se nyom\u00e1n, Bodn\u00e1r Tam\u00e1s lev\u00e9lt\u00e1ri kutat\u00e1sait felhaszn\u00e1lva \u2013 dr. R\u00e9mi\u00e1s Tibor muzeol\u00f3gus \u00e1ll\u00edtotta \u00f6ssze. A soksz\u00edn\u0171, \u00e9rdekes anyag a bronzkort\u00f3l napjainkig mutatja be t\u00e1rgyak, tabl\u00f3k seg\u00edts\u00e9g\u00e9vel a 2011-ben fenn\u00e1ll\u00e1s\u00e1nak 730. \u00e9vfordul\u00f3j\u00e1t \u00fcnnepl\u0151 Als\u00f3zsolca, valamint az itt \u00e9l\u0151 \u00e9s valaha \u00e9lt emberek t\u00f6rt\u00e9net\u00e9t.<\/p>\n<p>A 2010. december 19-\u00e9n \u00fcnnep\u00e9lyes keretek k\u00f6z\u00f6tt felavatott \u00faj l\u00e9tes\u00edtm\u00e9ny nem csup\u00e1n ki\u00e1ll\u00edt\u00e1si c\u00e9lokat szolg\u00e1l. Itt tartjuk az \u00e1ltal\u00e1nos iskol\u00e1sok helyt\u00f6rt\u00e9neti \u00f3r\u00e1it, a honismereti t\u00e1borok foglalkoz\u00e1sait, \u00e9s egy\u00e9b zen\u00e9s rendezv\u00e9nyek helysz\u00ednek\u00e9nt is szolg\u00e1l az \u00e9p\u00fclet sz\u00e9p, vir\u00e1gos kertje, udvara.<\/p>\n<p>A ki\u00e1ll\u00edt\u00e1s el\u0151zetes bejelentkez\u00e9s alapj\u00e1n l\u00e1togathat\u00f3. Bejelentkezni a K\u00f6z\u00f6ss\u00e9gi H\u00e1zban vagy az al\u00e1bbi telefonsz\u00e1mokon lehet: 406-432, 30-228-1774.<\/p>\n","protected":false},"excerpt":{"rendered":"<p>Als\u00f3zsolca v\u00e1ros Helyt\u00f6rt\u00e9neti Gy\u0171jtem\u00e9nye a telep\u00fcl\u00e9s k\u00f6zpontj\u00e1ban, a reform\u00e1tus templom szomsz\u00e9ds\u00e1g\u00e1ban, a Kossuth Lajos \u00fat 162. sz\u00e1m alatt tal\u00e1lhat\u00f3. A gy\u0171jtem\u00e9nynek helyet ad\u00f3 \u00e9p\u00fclet \u00e9s el\u0151dje mindig iskolak\u00e9nt vagy k\u00e1ntori illetve pedag\u00f3guslak\u00e1sk\u00e9nt funkcion\u00e1lt. A telep\u00fcl\u00e9s K\u00e9pvisel\u0151-test\u00fclet\u00e9nek d\u00f6nt\u00e9se nyom\u00e1n 2009-ben megv\u00e1s\u00e1rolt\u00e1k a nagy telken \u00e1ll\u00f3 h\u00e1zat, melyet ki\u00e1ll\u00edt\u00e1si c\u00e9lra \u00e1talak\u00edtottak, s itt helyezt\u00e9k el Als\u00f3zsolca t\u00f6rt\u00e9net\u00e9nek [&hellip;]<\/p>\n","protected":false},"author":2,"featured_media":0,"parent":178,"menu_order":1,"comment_status":"closed","ping_status":"closed","template":"","meta":{"footnotes":""},"class_list":["post-333","page","type-page","status-publish","hentry"],"_links":{"self":[{"href":"https:\/\/kozhaz.alsozsolca.hu\/index.php?rest_route=\/wp\/v2\/pages\/333","targetHints":{"allow":["GET"]}}],"collection":[{"href":"https:\/\/kozhaz.alsozsolca.hu\/index.php?rest_route=\/wp\/v2\/pages"}],"about":[{"href":"https:\/\/kozhaz.alsozsolca.hu\/index.php?rest_route=\/wp\/v2\/types\/page"}],"author":[{"embeddable":true,"href":"https:\/\/kozhaz.alsozsolca.hu\/index.php?rest_route=\/wp\/v2\/users\/2"}],"replies":[{"embeddable":true,"href":"https:\/\/kozhaz.alsozsolca.hu\/index.php?rest_route=%2Fwp%2Fv2%2Fcomments&post=333"}],"version-history":[{"count":24,"href":"https:\/\/kozhaz.alsozsolca.hu\/index.php?rest_route=\/wp\/v2\/pages\/333\/revisions"}],"predecessor-version":[{"id":486,"href":"https:\/\/kozhaz.alsozsolca.hu\/index.php?rest_route=\/wp\/v2\/pages\/333\/revisions\/486"}],"up":[{"embeddable":true,"href":"https:\/\/kozhaz.alsozsolca.hu\/index.php?rest_route=\/wp\/v2\/pages\/178"}],"wp:attachment":[{"href":"https:\/\/kozhaz.alsozsolca.hu\/index.php?rest_route=%2Fwp%2Fv2%2Fmedia&parent=333"}],"curies":[{"name":"wp","href":"https:\/\/api.w.org\/{rel}","templated":true}]}}