{"id":342,"date":"2014-05-05T14:33:44","date_gmt":"2014-05-05T14:33:44","guid":{"rendered":"http:\/\/kozhaz.alsozsolca.hu\/blog\/?page_id=342"},"modified":"2021-01-13T10:12:20","modified_gmt":"2021-01-13T10:12:20","slug":"kepek-a-gyujtemenyrol","status":"publish","type":"page","link":"https:\/\/kozhaz.alsozsolca.hu\/?page_id=342","title":{"rendered":"K\u00e9pek a gy\u0171jtem\u00e9nyr\u0151l"},"content":{"rendered":"<p><a href=\"https:\/\/kozhaz.alsozsolca.hu\/wp-content\/uploads\/2014\/05\/SDC10463-2.jpg\"><img decoding=\"async\" class=\"ngg_displayed_gallery mceItem\" src=\"https:\/\/kozhaz.alsozsolca.hu\/index.php\/nextgen-attach_to_post\/preview\/id--952\" alt=\"\" data-mce-placeholder=\"1\" \/><img decoding=\"async\" class=\"ngg_displayed_gallery mceItem\" src=\"https:\/\/kozhaz.alsozsolca.hu\/index.php\/nextgen-attach_to_post\/preview\/id--953\" alt=\"\" data-mce-placeholder=\"1\" \/><img loading=\"lazy\" decoding=\"async\" class=\"alignnone size-medium wp-image-20749\" src=\"https:\/\/kozhaz.alsozsolca.hu\/wp-content\/uploads\/2014\/05\/SDC10463-2-300x267.jpg\" alt=\"SDC10463 (2)\" width=\"300\" height=\"267\" srcset=\"https:\/\/kozhaz.alsozsolca.hu\/wp-content\/uploads\/2014\/05\/SDC10463-2-300x267.jpg 300w, https:\/\/kozhaz.alsozsolca.hu\/wp-content\/uploads\/2014\/05\/SDC10463-2-1024x912.jpg 1024w\" sizes=\"auto, (max-width: 300px) 100vw, 300px\" \/><\/a> <a href=\"https:\/\/kozhaz.alsozsolca.hu\/wp-content\/uploads\/2014\/05\/SDC10451.jpg\"><img loading=\"lazy\" decoding=\"async\" class=\"alignnone size-medium wp-image-20748\" src=\"https:\/\/kozhaz.alsozsolca.hu\/wp-content\/uploads\/2014\/05\/SDC10451-300x225.jpg\" alt=\"SDC10451\" width=\"300\" height=\"225\" srcset=\"https:\/\/kozhaz.alsozsolca.hu\/wp-content\/uploads\/2014\/05\/SDC10451-300x225.jpg 300w, https:\/\/kozhaz.alsozsolca.hu\/wp-content\/uploads\/2014\/05\/SDC10451-1024x768.jpg 1024w\" sizes=\"auto, (max-width: 300px) 100vw, 300px\" \/><\/a> <a href=\"https:\/\/kozhaz.alsozsolca.hu\/wp-content\/uploads\/2014\/05\/SDC10447.jpg\"><img loading=\"lazy\" decoding=\"async\" class=\"alignnone size-medium wp-image-20747\" src=\"https:\/\/kozhaz.alsozsolca.hu\/wp-content\/uploads\/2014\/05\/SDC10447-300x225.jpg\" alt=\"SDC10447\" width=\"300\" height=\"225\" srcset=\"https:\/\/kozhaz.alsozsolca.hu\/wp-content\/uploads\/2014\/05\/SDC10447-300x225.jpg 300w, https:\/\/kozhaz.alsozsolca.hu\/wp-content\/uploads\/2014\/05\/SDC10447-1024x768.jpg 1024w\" sizes=\"auto, (max-width: 300px) 100vw, 300px\" \/><\/a> <a href=\"https:\/\/kozhaz.alsozsolca.hu\/wp-content\/uploads\/2014\/05\/SDC10443.jpg\"><img loading=\"lazy\" decoding=\"async\" class=\"alignnone size-medium wp-image-20745\" src=\"https:\/\/kozhaz.alsozsolca.hu\/wp-content\/uploads\/2014\/05\/SDC10443-300x225.jpg\" alt=\"SDC10443\" width=\"300\" height=\"225\" srcset=\"https:\/\/kozhaz.alsozsolca.hu\/wp-content\/uploads\/2014\/05\/SDC10443-300x225.jpg 300w, https:\/\/kozhaz.alsozsolca.hu\/wp-content\/uploads\/2014\/05\/SDC10443-1024x768.jpg 1024w\" sizes=\"auto, (max-width: 300px) 100vw, 300px\" \/><\/a> <a href=\"https:\/\/kozhaz.alsozsolca.hu\/wp-content\/uploads\/2014\/05\/SDC10441.jpg\"><img loading=\"lazy\" decoding=\"async\" class=\"alignnone size-medium wp-image-20744\" src=\"https:\/\/kozhaz.alsozsolca.hu\/wp-content\/uploads\/2014\/05\/SDC10441-300x225.jpg\" alt=\"SDC10441\" width=\"300\" height=\"225\" srcset=\"https:\/\/kozhaz.alsozsolca.hu\/wp-content\/uploads\/2014\/05\/SDC10441-300x225.jpg 300w, https:\/\/kozhaz.alsozsolca.hu\/wp-content\/uploads\/2014\/05\/SDC10441-1024x768.jpg 1024w\" sizes=\"auto, (max-width: 300px) 100vw, 300px\" \/><\/a> <a href=\"https:\/\/kozhaz.alsozsolca.hu\/wp-content\/uploads\/2014\/05\/SDC10437.jpg\"><img loading=\"lazy\" decoding=\"async\" class=\"alignnone size-medium wp-image-20743\" src=\"https:\/\/kozhaz.alsozsolca.hu\/wp-content\/uploads\/2014\/05\/SDC10437-300x225.jpg\" alt=\"SDC10437\" width=\"300\" height=\"225\" srcset=\"https:\/\/kozhaz.alsozsolca.hu\/wp-content\/uploads\/2014\/05\/SDC10437-300x225.jpg 300w, https:\/\/kozhaz.alsozsolca.hu\/wp-content\/uploads\/2014\/05\/SDC10437-1024x768.jpg 1024w\" sizes=\"auto, (max-width: 300px) 100vw, 300px\" \/><\/a> <a href=\"https:\/\/kozhaz.alsozsolca.hu\/wp-content\/uploads\/2014\/05\/SDC10429.jpg\"><img loading=\"lazy\" decoding=\"async\" class=\"alignnone size-medium wp-image-20742\" src=\"https:\/\/kozhaz.alsozsolca.hu\/wp-content\/uploads\/2014\/05\/SDC10429-300x225.jpg\" alt=\"SDC10429\" width=\"300\" height=\"225\" srcset=\"https:\/\/kozhaz.alsozsolca.hu\/wp-content\/uploads\/2014\/05\/SDC10429-300x225.jpg 300w, https:\/\/kozhaz.alsozsolca.hu\/wp-content\/uploads\/2014\/05\/SDC10429-1024x768.jpg 1024w\" sizes=\"auto, (max-width: 300px) 100vw, 300px\" \/><\/a><img decoding=\"async\" class=\"ngg_displayed_gallery mceItem\" src=\"https:\/\/kozhaz.alsozsolca.hu\/index.php\/nextgen-attach_to_post\/preview\/id--953\" alt=\"\" \/><\/p>\n<p><img decoding=\"async\" class=\"ngg_displayed_gallery mceItem\" src=\"https:\/\/kozhaz.alsozsolca.hu\/index.php\/nextgen-attach_to_post\/preview\/id--952\" alt=\"\" \/><\/p>\n<p>&nbsp;<\/p>\n","protected":false},"excerpt":{"rendered":"<p>&nbsp;<\/p>\n","protected":false},"author":2,"featured_media":0,"parent":178,"menu_order":2,"comment_status":"closed","ping_status":"closed","template":"","meta":{"footnotes":""},"class_list":["post-342","page","type-page","status-publish","hentry"],"_links":{"self":[{"href":"https:\/\/kozhaz.alsozsolca.hu\/index.php?rest_route=\/wp\/v2\/pages\/342","targetHints":{"allow":["GET"]}}],"collection":[{"href":"https:\/\/kozhaz.alsozsolca.hu\/index.php?rest_route=\/wp\/v2\/pages"}],"about":[{"href":"https:\/\/kozhaz.alsozsolca.hu\/index.php?rest_route=\/wp\/v2\/types\/page"}],"author":[{"embeddable":true,"href":"https:\/\/kozhaz.alsozsolca.hu\/index.php?rest_route=\/wp\/v2\/users\/2"}],"replies":[{"embeddable":true,"href":"https:\/\/kozhaz.alsozsolca.hu\/index.php?rest_route=%2Fwp%2Fv2%2Fcomments&post=342"}],"version-history":[{"count":13,"href":"https:\/\/kozhaz.alsozsolca.hu\/index.php?rest_route=\/wp\/v2\/pages\/342\/revisions"}],"predecessor-version":[{"id":20755,"href":"https:\/\/kozhaz.alsozsolca.hu\/index.php?rest_route=\/wp\/v2\/pages\/342\/revisions\/20755"}],"up":[{"embeddable":true,"href":"https:\/\/kozhaz.alsozsolca.hu\/index.php?rest_route=\/wp\/v2\/pages\/178"}],"wp:attachment":[{"href":"https:\/\/kozhaz.alsozsolca.hu\/index.php?rest_route=%2Fwp%2Fv2%2Fmedia&parent=342"}],"curies":[{"name":"wp","href":"https:\/\/api.w.org\/{rel}","templated":true}]}}