{"id":376,"date":"2014-05-05T16:20:48","date_gmt":"2014-05-05T16:20:48","guid":{"rendered":"http:\/\/kozhaz.alsozsolca.hu\/blog\/?page_id=376"},"modified":"2025-02-03T09:02:42","modified_gmt":"2025-02-03T09:02:42","slug":"kapcsolat","status":"publish","type":"page","link":"https:\/\/kozhaz.alsozsolca.hu\/?page_id=376","title":{"rendered":"Kapcsolat"},"content":{"rendered":"<p><strong>Als\u00f3zsolcai K\u00f6z\u00f6ss\u00e9gi H\u00e1z \u00e9s K\u00f6nyvt\u00e1r<\/strong><br \/>\n3571 Als\u00f3zsolca G\u00f6rgey \u00fat 1.<br \/>\nTel.\/Fax: 46\/406-432<\/p>\n<p>Email: kozossegihaz@alsozsolca.hu<\/p>\n<p><iframe loading=\"lazy\" src=\"http:\/\/www.google.hu\/maps?f=q&amp;source=s_q&amp;hl=hu&amp;geocode=&amp;q=als%C3%B3zsolca+g%C3%B6rgey+%C3%BAt+1&amp;aq=&amp;sll=47.15984,19.500732&amp;sspn=5.812227,15.150146&amp;ie=UTF8&amp;hq=&amp;hnear=3571+Als%C3%B3zsolca,+G%C3%B6rgey+Art%C3%BAr+%C3%BAt+1&amp;ll=48.072894,20.882371&amp;spn=0.005577,0.014795&amp;t=m&amp;z=14&amp;output=embed\" width=\"425\" height=\"350\" frameborder=\"0\" marginwidth=\"0\" marginheight=\"0\" scrolling=\"no\"><\/iframe><br \/>\n<small><a style=\"color: #0000ff; text-align: left;\" href=\"http:\/\/www.google.hu\/maps?f=q&amp;source=embed&amp;hl=hu&amp;geocode=&amp;q=als%C3%B3zsolca+g%C3%B6rgey+%C3%BAt+1&amp;aq=&amp;sll=47.15984,19.500732&amp;sspn=5.812227,15.150146&amp;ie=UTF8&amp;hq=&amp;hnear=3571+Als%C3%B3zsolca,+G%C3%B6rgey+Art%C3%BAr+%C3%BAt+1&amp;ll=48.072894,20.882371&amp;spn=0.005577,0.014795&amp;t=m&amp;z=14\">Nagyobb t\u00e9rk\u00e9pre v\u00e1lt\u00e1s<\/a><\/small><\/p>\n<p>Ha k\u00e9rd\u00e9se, \u00e9szrev\u00e9tele van rendezv\u00e9nyeinkkel, int\u00e9zm\u00e9nyegys\u00e9geinkkel kapcsolatban, \u00edrjon nek\u00fcnk az al\u00e1bbi fel\u00fcleten kereszt\u00fcl! K\u00e9rj\u00fck, adja meg nev\u00e9t \u00e9s e-mail c\u00edm\u00e9t!<br \/>\n[contact-form-7 id=&#8221;430&#8243; title=&#8221;N\u00e9vtelen&#8221;]<br \/>\n<strong>Az Als\u00f3zsolcai K\u00f6z\u00f6ss\u00e9gi H\u00e1z \u00e9s K\u00f6nyvt\u00e1r dolgoz\u00f3i:<\/strong><\/p>\n<p>Int\u00e9zm\u00e9nyvezet\u0151: Lengyel-B\u00e9res Kl\u00e1ra<\/p>\n<p>K\u00f6nyvt\u00e1ros: Tardi M\u00f3nika<\/p>\n<p>K\u00f6zm\u0171vel\u0151d\u00e9si asszisztens: Budai Marianna<\/p>\n<p>K\u00f6zm\u0171vel\u0151d\u00e9si munkat\u00e1rs: Broda Edit<\/p>\n<p><strong>A Sportcsarnok dolgoz\u00f3i:<\/strong><\/p>\n<p>Szab\u00f3 Csab\u00e1n\u00e9<br \/>\ntechnikai munkat\u00e1rs<br \/>\nEl\u00e9rhet\u0151s\u00e9g:<br \/>\nTel.: 46\/406-319,&nbsp;<\/p>\n<p>&nbsp;<\/p>\n","protected":false},"excerpt":{"rendered":"<p>Als\u00f3zsolcai K\u00f6z\u00f6ss\u00e9gi H\u00e1z \u00e9s K\u00f6nyvt\u00e1r 3571 Als\u00f3zsolca G\u00f6rgey \u00fat 1. Tel.\/Fax: 46\/406-432 Email: kozossegihaz@alsozsolca.hu Nagyobb t\u00e9rk\u00e9pre v\u00e1lt\u00e1s Ha k\u00e9rd\u00e9se, \u00e9szrev\u00e9tele van rendezv\u00e9nyeinkkel, int\u00e9zm\u00e9nyegys\u00e9geinkkel kapcsolatban, \u00edrjon nek\u00fcnk az al\u00e1bbi fel\u00fcleten kereszt\u00fcl! K\u00e9rj\u00fck, adja meg nev\u00e9t \u00e9s e-mail c\u00edm\u00e9t! [contact-form-7 id=&#8221;430&#8243; title=&#8221;N\u00e9vtelen&#8221;] Az Als\u00f3zsolcai K\u00f6z\u00f6ss\u00e9gi H\u00e1z \u00e9s K\u00f6nyvt\u00e1r dolgoz\u00f3i: Int\u00e9zm\u00e9nyvezet\u0151: Lengyel-B\u00e9res Kl\u00e1ra K\u00f6nyvt\u00e1ros: Tardi M\u00f3nika K\u00f6zm\u0171vel\u0151d\u00e9si asszisztens: [&hellip;]<\/p>\n","protected":false},"author":2,"featured_media":0,"parent":163,"menu_order":4,"comment_status":"closed","ping_status":"closed","template":"","meta":{"footnotes":""},"class_list":["post-376","page","type-page","status-publish","hentry"],"_links":{"self":[{"href":"https:\/\/kozhaz.alsozsolca.hu\/index.php?rest_route=\/wp\/v2\/pages\/376","targetHints":{"allow":["GET"]}}],"collection":[{"href":"https:\/\/kozhaz.alsozsolca.hu\/index.php?rest_route=\/wp\/v2\/pages"}],"about":[{"href":"https:\/\/kozhaz.alsozsolca.hu\/index.php?rest_route=\/wp\/v2\/types\/page"}],"author":[{"embeddable":true,"href":"https:\/\/kozhaz.alsozsolca.hu\/index.php?rest_route=\/wp\/v2\/users\/2"}],"replies":[{"embeddable":true,"href":"https:\/\/kozhaz.alsozsolca.hu\/index.php?rest_route=%2Fwp%2Fv2%2Fcomments&post=376"}],"version-history":[{"count":36,"href":"https:\/\/kozhaz.alsozsolca.hu\/index.php?rest_route=\/wp\/v2\/pages\/376\/revisions"}],"predecessor-version":[{"id":23507,"href":"https:\/\/kozhaz.alsozsolca.hu\/index.php?rest_route=\/wp\/v2\/pages\/376\/revisions\/23507"}],"up":[{"embeddable":true,"href":"https:\/\/kozhaz.alsozsolca.hu\/index.php?rest_route=\/wp\/v2\/pages\/163"}],"wp:attachment":[{"href":"https:\/\/kozhaz.alsozsolca.hu\/index.php?rest_route=%2Fwp%2Fv2%2Fmedia&parent=376"}],"curies":[{"name":"wp","href":"https:\/\/api.w.org\/{rel}","templated":true}]}}