{"id":466,"date":"2014-05-07T09:45:41","date_gmt":"2014-05-07T09:45:41","guid":{"rendered":"http:\/\/kozhaz.alsozsolca.hu\/blog\/?page_id=466"},"modified":"2020-03-30T10:03:04","modified_gmt":"2020-03-30T10:03:04","slug":"sajo-parti-pihenohaz-2","status":"publish","type":"page","link":"https:\/\/kozhaz.alsozsolca.hu\/?page_id=466","title":{"rendered":"Saj\u00f3-parti pihen\u0151h\u00e1z"},"content":{"rendered":"<p style=\"text-align: left;\">Az \u00f6nkorm\u00e1nyzat int\u00e9zm\u00e9nyei sz\u00e1m\u00e1ra l\u00e1togathat\u00f3.<\/p>\n<p style=\"text-align: left;\">A v\u00e1rosi\u00a0rendezv\u00e9nyek &#8211; Maj\u00e1lis, V\u00e1rosnap, Saj\u00f3-vize \u00f6sszek\u00f6t \u00e9s az als\u00f3zsolcai civil szervezetek programjainak a helysz\u00edne.<!--more--><\/p>\n<p>&nbsp;<\/p>\n<p>&nbsp;<\/p>\n<p>&nbsp;<\/p>\n","protected":false},"excerpt":{"rendered":"<p>Az \u00f6nkorm\u00e1nyzat int\u00e9zm\u00e9nyei sz\u00e1m\u00e1ra l\u00e1togathat\u00f3. A v\u00e1rosi\u00a0rendezv\u00e9nyek &#8211; Maj\u00e1lis, V\u00e1rosnap, Saj\u00f3-vize \u00f6sszek\u00f6t \u00e9s az als\u00f3zsolcai civil szervezetek programjainak a helysz\u00edne.<\/p>\n","protected":false},"author":2,"featured_media":0,"parent":163,"menu_order":5,"comment_status":"closed","ping_status":"closed","template":"","meta":{"footnotes":""},"class_list":["post-466","page","type-page","status-publish","hentry"],"_links":{"self":[{"href":"https:\/\/kozhaz.alsozsolca.hu\/index.php?rest_route=\/wp\/v2\/pages\/466","targetHints":{"allow":["GET"]}}],"collection":[{"href":"https:\/\/kozhaz.alsozsolca.hu\/index.php?rest_route=\/wp\/v2\/pages"}],"about":[{"href":"https:\/\/kozhaz.alsozsolca.hu\/index.php?rest_route=\/wp\/v2\/types\/page"}],"author":[{"embeddable":true,"href":"https:\/\/kozhaz.alsozsolca.hu\/index.php?rest_route=\/wp\/v2\/users\/2"}],"replies":[{"embeddable":true,"href":"https:\/\/kozhaz.alsozsolca.hu\/index.php?rest_route=%2Fwp%2Fv2%2Fcomments&post=466"}],"version-history":[{"count":26,"href":"https:\/\/kozhaz.alsozsolca.hu\/index.php?rest_route=\/wp\/v2\/pages\/466\/revisions"}],"predecessor-version":[{"id":19912,"href":"https:\/\/kozhaz.alsozsolca.hu\/index.php?rest_route=\/wp\/v2\/pages\/466\/revisions\/19912"}],"up":[{"embeddable":true,"href":"https:\/\/kozhaz.alsozsolca.hu\/index.php?rest_route=\/wp\/v2\/pages\/163"}],"wp:attachment":[{"href":"https:\/\/kozhaz.alsozsolca.hu\/index.php?rest_route=%2Fwp%2Fv2%2Fmedia&parent=466"}],"curies":[{"name":"wp","href":"https:\/\/api.w.org\/{rel}","templated":true}]}}