{"id":492,"date":"2014-05-07T12:07:14","date_gmt":"2014-05-07T12:07:14","guid":{"rendered":"http:\/\/kozhaz.alsozsolca.hu\/blog\/?page_id=492"},"modified":"2021-02-26T12:01:16","modified_gmt":"2021-02-26T12:01:16","slug":"kepek-a-hazrol","status":"publish","type":"page","link":"https:\/\/kozhaz.alsozsolca.hu\/?page_id=492","title":{"rendered":"K\u00e9pek a H\u00e1zr\u00f3l"},"content":{"rendered":"<p><a href=\"https:\/\/kozhaz.alsozsolca.hu\/wp-content\/uploads\/2014\/05\/d\u00edsz\u00edt\u00e9s-t\u00e9len-h\u00e1z-el\u0151tt.jpg\"><img loading=\"lazy\" decoding=\"async\" class=\"alignnone size-medium wp-image-20718\" src=\"https:\/\/kozhaz.alsozsolca.hu\/wp-content\/uploads\/2014\/05\/d\u00edsz\u00edt\u00e9s-t\u00e9len-h\u00e1z-el\u0151tt-300x225.jpg\" alt=\"d\u00edsz\u00edt\u00e9s t\u00e9len h\u00e1z el\u0151tt\" width=\"300\" height=\"225\" srcset=\"https:\/\/kozhaz.alsozsolca.hu\/wp-content\/uploads\/2014\/05\/d\u00edsz\u00edt\u00e9s-t\u00e9len-h\u00e1z-el\u0151tt-300x225.jpg 300w, https:\/\/kozhaz.alsozsolca.hu\/wp-content\/uploads\/2014\/05\/d\u00edsz\u00edt\u00e9s-t\u00e9len-h\u00e1z-el\u0151tt.jpg 960w\" sizes=\"auto, (max-width: 300px) 100vw, 300px\" \/><\/a> <a href=\"https:\/\/kozhaz.alsozsolca.hu\/wp-content\/uploads\/2014\/05\/d\u00edsz\u00edtve-t\u00e9len.jpg\"><img loading=\"lazy\" decoding=\"async\" class=\"alignnone size-medium wp-image-20719\" src=\"https:\/\/kozhaz.alsozsolca.hu\/wp-content\/uploads\/2014\/05\/d\u00edsz\u00edtve-t\u00e9len-300x225.jpg\" alt=\"d\u00edsz\u00edtve t\u00e9len\" width=\"300\" height=\"225\" srcset=\"https:\/\/kozhaz.alsozsolca.hu\/wp-content\/uploads\/2014\/05\/d\u00edsz\u00edtve-t\u00e9len-300x225.jpg 300w, https:\/\/kozhaz.alsozsolca.hu\/wp-content\/uploads\/2014\/05\/d\u00edsz\u00edtve-t\u00e9len.jpg 960w\" sizes=\"auto, (max-width: 300px) 100vw, 300px\" \/><\/a> <a href=\"https:\/\/kozhaz.alsozsolca.hu\/wp-content\/uploads\/2014\/05\/d\u00edsz\u00edtve.jpg\"><img loading=\"lazy\" decoding=\"async\" class=\"alignnone size-medium wp-image-20720\" src=\"https:\/\/kozhaz.alsozsolca.hu\/wp-content\/uploads\/2014\/05\/d\u00edsz\u00edtve-300x225.jpg\" alt=\"d\u00edsz\u00edtve\" width=\"300\" height=\"225\" srcset=\"https:\/\/kozhaz.alsozsolca.hu\/wp-content\/uploads\/2014\/05\/d\u00edsz\u00edtve-300x225.jpg 300w, https:\/\/kozhaz.alsozsolca.hu\/wp-content\/uploads\/2014\/05\/d\u00edsz\u00edtve.jpg 960w\" sizes=\"auto, (max-width: 300px) 100vw, 300px\" \/><\/a> <a href=\"https:\/\/kozhaz.alsozsolca.hu\/wp-content\/uploads\/2014\/05\/2021.feb_..jpg\"><img loading=\"lazy\" decoding=\"async\" class=\"size-medium wp-image-20801 alignleft\" src=\"https:\/\/kozhaz.alsozsolca.hu\/wp-content\/uploads\/2014\/05\/2021.feb_.-300x146.jpg\" alt=\"2021.feb.\" width=\"300\" height=\"146\" srcset=\"https:\/\/kozhaz.alsozsolca.hu\/wp-content\/uploads\/2014\/05\/2021.feb_.-300x146.jpg 300w, https:\/\/kozhaz.alsozsolca.hu\/wp-content\/uploads\/2014\/05\/2021.feb_..jpg 960w\" sizes=\"auto, (max-width: 300px) 100vw, 300px\" \/><\/a><a href=\"https:\/\/kozhaz.alsozsolca.hu\/wp-content\/uploads\/2014\/05\/szemb\u0151l-t\u00e9len-esti.jpg\"><img loading=\"lazy\" decoding=\"async\" class=\"size-medium wp-image-20721 alignleft\" src=\"https:\/\/kozhaz.alsozsolca.hu\/wp-content\/uploads\/2014\/05\/szemb\u0151l-t\u00e9len-esti-300x225.jpg\" alt=\"szemb\u0151l t\u00e9len esti\" width=\"300\" height=\"225\" srcset=\"https:\/\/kozhaz.alsozsolca.hu\/wp-content\/uploads\/2014\/05\/szemb\u0151l-t\u00e9len-esti-300x225.jpg 300w, https:\/\/kozhaz.alsozsolca.hu\/wp-content\/uploads\/2014\/05\/szemb\u0151l-t\u00e9len-esti.jpg 960w\" sizes=\"auto, (max-width: 300px) 100vw, 300px\" \/><\/a> <a href=\"https:\/\/kozhaz.alsozsolca.hu\/wp-content\/uploads\/2014\/05\/t\u00e9len-a-h\u00e1z.jpg\"><img loading=\"lazy\" decoding=\"async\" class=\"alignnone size-medium wp-image-20722 alignleft\" src=\"https:\/\/kozhaz.alsozsolca.hu\/wp-content\/uploads\/2014\/05\/t\u00e9len-a-h\u00e1z-300x225.jpg\" alt=\"t\u00e9len a h\u00e1z\" width=\"300\" height=\"225\" srcset=\"https:\/\/kozhaz.alsozsolca.hu\/wp-content\/uploads\/2014\/05\/t\u00e9len-a-h\u00e1z-300x225.jpg 300w, https:\/\/kozhaz.alsozsolca.hu\/wp-content\/uploads\/2014\/05\/t\u00e9len-a-h\u00e1z.jpg 960w\" sizes=\"auto, (max-width: 300px) 100vw, 300px\" \/><\/a><!--more--><\/p>\n<p><img decoding=\"async\" class=\"ngg_displayed_gallery mceItem\" src=\"https:\/\/kozhaz.alsozsolca.hu\/index.php\/nextgen-attach_to_post\/preview\/id--610\" alt=\"\" \/><\/p>\n<p>&nbsp;<\/p>\n<p><img decoding=\"async\" class=\"ngg_displayed_gallery mceItem\" src=\"https:\/\/kozhaz.alsozsolca.hu\/index.php\/nextgen-attach_to_post\/preview\/id--591\" alt=\"\" \/><\/p>\n","protected":false},"excerpt":{"rendered":"","protected":false},"author":2,"featured_media":0,"parent":163,"menu_order":6,"comment_status":"closed","ping_status":"closed","template":"","meta":{"footnotes":""},"class_list":["post-492","page","type-page","status-publish","hentry"],"_links":{"self":[{"href":"https:\/\/kozhaz.alsozsolca.hu\/index.php?rest_route=\/wp\/v2\/pages\/492","targetHints":{"allow":["GET"]}}],"collection":[{"href":"https:\/\/kozhaz.alsozsolca.hu\/index.php?rest_route=\/wp\/v2\/pages"}],"about":[{"href":"https:\/\/kozhaz.alsozsolca.hu\/index.php?rest_route=\/wp\/v2\/types\/page"}],"author":[{"embeddable":true,"href":"https:\/\/kozhaz.alsozsolca.hu\/index.php?rest_route=\/wp\/v2\/users\/2"}],"replies":[{"embeddable":true,"href":"https:\/\/kozhaz.alsozsolca.hu\/index.php?rest_route=%2Fwp%2Fv2%2Fcomments&post=492"}],"version-history":[{"count":12,"href":"https:\/\/kozhaz.alsozsolca.hu\/index.php?rest_route=\/wp\/v2\/pages\/492\/revisions"}],"predecessor-version":[{"id":20802,"href":"https:\/\/kozhaz.alsozsolca.hu\/index.php?rest_route=\/wp\/v2\/pages\/492\/revisions\/20802"}],"up":[{"embeddable":true,"href":"https:\/\/kozhaz.alsozsolca.hu\/index.php?rest_route=\/wp\/v2\/pages\/163"}],"wp:attachment":[{"href":"https:\/\/kozhaz.alsozsolca.hu\/index.php?rest_route=%2Fwp%2Fv2%2Fmedia&parent=492"}],"curies":[{"name":"wp","href":"https:\/\/api.w.org\/{rel}","templated":true}]}}