{"id":503,"date":"2014-05-07T12:32:30","date_gmt":"2014-05-07T12:32:30","guid":{"rendered":"http:\/\/kozhaz.alsozsolca.hu\/blog\/?page_id=503"},"modified":"2026-01-09T13:31:24","modified_gmt":"2026-01-09T13:31:24","slug":"nyitva-tartas-teritesi-dijak","status":"publish","type":"page","link":"https:\/\/kozhaz.alsozsolca.hu\/?page_id=503","title":{"rendered":"Nyitva tart\u00e1s, t\u00e9r\u00edt\u00e9si d\u00edjak"},"content":{"rendered":"<h4><\/h4>\n<h4>A k\u00f6nyvt\u00e1r nyitva tart\u00e1sa:<br \/>\nh\u00e9tf\u0151 8<sup>00<\/sup>-16<sup>00<\/sup><br \/>\nkedd 8<sup>00<\/sup>-16<sup>00<\/sup><br \/>\nszerda 8<sup>00<\/sup>-16<sup>00<\/sup><br \/>\ncs\u00fct\u00f6rt\u00f6k 11<sup>00<\/sup>-19<sup>00<\/sup><br \/>\np\u00e9ntek 8<sup>00<\/sup>-16<sup>00<\/sup><\/h4>\n<p>szombati\u00a0nyitva tart\u00e1s: havonta 2-szer 18-20 \u00f3r\u00e1ig, a rendezv\u00e9nyeinkhez igazodva.<\/p>\n<h4>A k\u00f6nyvt\u00e1ri beiratkoz\u00e1si d\u00edjak \u00e9s a hozz\u00e1 kapcsol\u00f3d\u00f3 egy\u00e9b d\u00edjt\u00e9telek 2020-ban:<\/h4>\n<p>Beiratkoz\u00e1si d\u00edjak:<br \/>\n16 \u00e9v alatt \u00e9s 70 \u00e9v felett ingyenes<br \/>\nnyugd\u00edjas, pedag\u00f3gus, di\u00e1k 300,- Ft<br \/>\n16 \u00e9v \u00e9s 70 \u00e9v k\u00f6z\u00f6tti feln\u0151ttek 500,- Ft<br \/>\nA beiratkoz\u00e1si d\u00edj megfizet\u00e9se a beiratkoz\u00e1s h\u00f3napj\u00e1t\u00f3l sz\u00e1m\u00edtott 1 \u00e9vig jogos\u00edtja fel a k\u00f6nyvt\u00e1rhaszn\u00e1l\u00f3t a k\u00f6nyvt\u00e1r szolg\u00e1ltat\u00e1sainak ig\u00e9nybev\u00e9tel\u00e9re.<br \/>\nA dokumentumok k\u00f6lcs\u00f6nz\u00e9si hat\u00e1rid\u0151n t\u00fali visszaszolg\u00e1ltat\u00e1sa eset\u00e9n a k\u00f6nyvt\u00e1r k\u00e9sedelmi d\u00edjat nem sz\u00e1mol fel.<br \/>\nA k\u00f6nyvt\u00e1rk\u00f6zi k\u00f6lcs\u00f6nz\u00e9s szolg\u00e1ltat\u00e1s\u00e1nak ig\u00e9nybev\u00e9tele illetve audio CD, DVD, CD-ROM k\u00f6lcs\u00f6nz\u00e9se, h\u00e1zhozsz\u00e1ll\u00edt\u00e1s eset\u00e9n a beiratkoz\u00e1si d\u00edjon fel\u00fcl k\u00fcl\u00f6n d\u00edjt\u00e9telt nem kell fizetni.<br \/>\nA k\u00f6nyvt\u00e1rk\u00f6zi k\u00f6lcs\u00f6nz\u00e9s eset\u00e9n a k\u00e9rt dokumentumok visszak\u00fcld\u00e9s\u00e9nek postai k\u00f6lts\u00e9g\u00e9t az olvas\u00f3 k\u00f6teles megfizetni.<br \/>\nF\u00e9nym\u00e1sol\u00e1s, nyomtat\u00e1s d\u00edjai (fekete-feh\u00e9r):<br \/>\nA\/4 50,- Ft\/oldal<br \/>\nA\/3 100,- Ft\/oldal<br \/>\nA\/4 sz\u00ednes nyomtat\u00e1s &#8211; \u00f6n\u00e9letrajz, diagram, vonalak 100,- Ft\/oldal<br \/>\nA\/4 sz\u00ednes nyomtat\u00e1s &#8211; tel\u00edtett k\u00e9p 300,- Ft\/oldal<br \/>\nA scannel\u00e9s 50,- Ft\/oldal, lamin\u00e1l\u00e1s: 300,- Ft\/oldal, spir\u00e1loz\u00e1s: 20 oldalig 400,- Ft, 21-40 oldal 500,- Ft, 41 oldalt\u00f3l 600,- Ft.<\/p>\n","protected":false},"excerpt":{"rendered":"<p>A k\u00f6nyvt\u00e1r nyitva tart\u00e1sa: h\u00e9tf\u0151 800-1600 kedd 800-1600 szerda 800-1600 cs\u00fct\u00f6rt\u00f6k 1100-1900 p\u00e9ntek 800-1600 szombati\u00a0nyitva tart\u00e1s: havonta 2-szer 18-20 \u00f3r\u00e1ig, a rendezv\u00e9nyeinkhez igazodva. A k\u00f6nyvt\u00e1ri beiratkoz\u00e1si d\u00edjak \u00e9s a hozz\u00e1 kapcsol\u00f3d\u00f3 egy\u00e9b d\u00edjt\u00e9telek 2020-ban: Beiratkoz\u00e1si d\u00edjak: 16 \u00e9v alatt \u00e9s 70 \u00e9v felett ingyenes nyugd\u00edjas, pedag\u00f3gus, di\u00e1k 300,- Ft 16 \u00e9v \u00e9s 70 \u00e9v k\u00f6z\u00f6tti [&hellip;]<\/p>\n","protected":false},"author":2,"featured_media":0,"parent":169,"menu_order":2,"comment_status":"closed","ping_status":"closed","template":"","meta":{"footnotes":""},"class_list":["post-503","page","type-page","status-publish","hentry"],"_links":{"self":[{"href":"https:\/\/kozhaz.alsozsolca.hu\/index.php?rest_route=\/wp\/v2\/pages\/503","targetHints":{"allow":["GET"]}}],"collection":[{"href":"https:\/\/kozhaz.alsozsolca.hu\/index.php?rest_route=\/wp\/v2\/pages"}],"about":[{"href":"https:\/\/kozhaz.alsozsolca.hu\/index.php?rest_route=\/wp\/v2\/types\/page"}],"author":[{"embeddable":true,"href":"https:\/\/kozhaz.alsozsolca.hu\/index.php?rest_route=\/wp\/v2\/users\/2"}],"replies":[{"embeddable":true,"href":"https:\/\/kozhaz.alsozsolca.hu\/index.php?rest_route=%2Fwp%2Fv2%2Fcomments&post=503"}],"version-history":[{"count":49,"href":"https:\/\/kozhaz.alsozsolca.hu\/index.php?rest_route=\/wp\/v2\/pages\/503\/revisions"}],"predecessor-version":[{"id":23685,"href":"https:\/\/kozhaz.alsozsolca.hu\/index.php?rest_route=\/wp\/v2\/pages\/503\/revisions\/23685"}],"up":[{"embeddable":true,"href":"https:\/\/kozhaz.alsozsolca.hu\/index.php?rest_route=\/wp\/v2\/pages\/169"}],"wp:attachment":[{"href":"https:\/\/kozhaz.alsozsolca.hu\/index.php?rest_route=%2Fwp%2Fv2%2Fmedia&parent=503"}],"curies":[{"name":"wp","href":"https:\/\/api.w.org\/{rel}","templated":true}]}}