{"id":6382,"date":"2015-05-08T15:33:35","date_gmt":"2015-05-08T15:33:35","guid":{"rendered":"http:\/\/kozhaz.alsozsolca.hu\/?page_id=6382"},"modified":"2020-03-30T08:38:48","modified_gmt":"2020-03-30T08:38:48","slug":"baba-mama-klub","status":"publish","type":"page","link":"https:\/\/kozhaz.alsozsolca.hu\/?page_id=6382","title":{"rendered":"Baba-mama klub"},"content":{"rendered":"<p>A Baba-Mama klub 2015. \u00e1prilis 17-\u00e9n indult el, amely minden cs\u00fct\u00f6rt\u00f6k\u00f6n\u00a010<sup>00<\/sup>-12<sup>00<\/sup>\u00a0\u00f3r\u00e1ig v\u00e1rja a gyerekeket \u00e9s sz\u00fcleiket az emeleti sz\u00ednes teremben. Jelenlegi vezet\u0151je Szendrey Zsuzsanna. A klub c\u00e9lja a 0-3 \u00e9ves koroszt\u00e1ly szoci\u00e1lis fejl\u0151d\u00e9s\u00e9t el\u0151seg\u00edteni mond\u00f3k\u00e1z\u00e1s, \u00e9nekl\u00e9s, k\u00f6z\u00f6s j\u00e1t\u00e9k \u00e1ltal, amely megk\u00f6nny\u00edti a gyerekek beilleszked\u00e9s\u00e9t az \u00f3vod\u00e1ba, \u00e9s k\u00e9s\u0151bb az iskol\u00e1ba.<\/p>\n<p><a href=\"https:\/\/kozhaz.alsozsolca.hu\/wp-content\/uploads\/2015\/05\/Baba-mama-klub-2015.jpg\"><img loading=\"lazy\" decoding=\"async\" class=\"wp-image-6383 size-medium\" src=\"https:\/\/kozhaz.alsozsolca.hu\/wp-content\/uploads\/2015\/05\/Baba-mama-klub-2015-300x225.jpg\" alt=\"Baba-mama klub 2015\" width=\"300\" height=\"225\" srcset=\"https:\/\/kozhaz.alsozsolca.hu\/wp-content\/uploads\/2015\/05\/Baba-mama-klub-2015-300x225.jpg 300w, https:\/\/kozhaz.alsozsolca.hu\/wp-content\/uploads\/2015\/05\/Baba-mama-klub-2015.jpg 1024w\" sizes=\"auto, (max-width: 300px) 100vw, 300px\" \/><\/a><\/p>\n<p><a href=\"https:\/\/kozhaz.alsozsolca.hu\/wp-content\/uploads\/2015\/05\/sz\u00ednes-szoba-BABA-M.jpg\"><img loading=\"lazy\" decoding=\"async\" class=\"size-medium wp-image-19890 alignright\" src=\"https:\/\/kozhaz.alsozsolca.hu\/wp-content\/uploads\/2015\/05\/sz\u00ednes-szoba-BABA-M-300x146.jpg\" alt=\"sz\u00ednes szoba BABA-M\" width=\"300\" height=\"146\" srcset=\"https:\/\/kozhaz.alsozsolca.hu\/wp-content\/uploads\/2015\/05\/sz\u00ednes-szoba-BABA-M-300x146.jpg 300w, https:\/\/kozhaz.alsozsolca.hu\/wp-content\/uploads\/2015\/05\/sz\u00ednes-szoba-BABA-M-1024x498.jpg 1024w\" sizes=\"auto, (max-width: 300px) 100vw, 300px\" \/><\/a><\/p>\n","protected":false},"excerpt":{"rendered":"<p>A Baba-Mama klub 2015. \u00e1prilis 17-\u00e9n indult el, amely minden cs\u00fct\u00f6rt\u00f6k\u00f6n\u00a01000-1200\u00a0\u00f3r\u00e1ig v\u00e1rja a gyerekeket \u00e9s sz\u00fcleiket az emeleti sz\u00ednes teremben. Jelenlegi vezet\u0151je Szendrey Zsuzsanna. A klub c\u00e9lja a 0-3 \u00e9ves koroszt\u00e1ly szoci\u00e1lis fejl\u0151d\u00e9s\u00e9t el\u0151seg\u00edteni mond\u00f3k\u00e1z\u00e1s, \u00e9nekl\u00e9s, k\u00f6z\u00f6s j\u00e1t\u00e9k \u00e1ltal, amely megk\u00f6nny\u00edti a gyerekek beilleszked\u00e9s\u00e9t az \u00f3vod\u00e1ba, \u00e9s k\u00e9s\u0151bb az iskol\u00e1ba.<\/p>\n","protected":false},"author":2,"featured_media":0,"parent":137,"menu_order":0,"comment_status":"closed","ping_status":"closed","template":"","meta":{"footnotes":""},"class_list":["post-6382","page","type-page","status-publish","hentry"],"_links":{"self":[{"href":"https:\/\/kozhaz.alsozsolca.hu\/index.php?rest_route=\/wp\/v2\/pages\/6382","targetHints":{"allow":["GET"]}}],"collection":[{"href":"https:\/\/kozhaz.alsozsolca.hu\/index.php?rest_route=\/wp\/v2\/pages"}],"about":[{"href":"https:\/\/kozhaz.alsozsolca.hu\/index.php?rest_route=\/wp\/v2\/types\/page"}],"author":[{"embeddable":true,"href":"https:\/\/kozhaz.alsozsolca.hu\/index.php?rest_route=\/wp\/v2\/users\/2"}],"replies":[{"embeddable":true,"href":"https:\/\/kozhaz.alsozsolca.hu\/index.php?rest_route=%2Fwp%2Fv2%2Fcomments&post=6382"}],"version-history":[{"count":7,"href":"https:\/\/kozhaz.alsozsolca.hu\/index.php?rest_route=\/wp\/v2\/pages\/6382\/revisions"}],"predecessor-version":[{"id":19892,"href":"https:\/\/kozhaz.alsozsolca.hu\/index.php?rest_route=\/wp\/v2\/pages\/6382\/revisions\/19892"}],"up":[{"embeddable":true,"href":"https:\/\/kozhaz.alsozsolca.hu\/index.php?rest_route=\/wp\/v2\/pages\/137"}],"wp:attachment":[{"href":"https:\/\/kozhaz.alsozsolca.hu\/index.php?rest_route=%2Fwp%2Fv2%2Fmedia&parent=6382"}],"curies":[{"name":"wp","href":"https:\/\/api.w.org\/{rel}","templated":true}]}}