{"id":691,"date":"2014-05-09T10:05:27","date_gmt":"2014-05-09T10:05:27","guid":{"rendered":"http:\/\/kozhaz.alsozsolca.hu\/blog\/?page_id=691"},"modified":"2021-01-28T10:02:44","modified_gmt":"2021-01-28T10:02:44","slug":"kepek-a-sportcsarnokrol","status":"publish","type":"page","link":"https:\/\/kozhaz.alsozsolca.hu\/?page_id=691","title":{"rendered":"K\u00e9pek a Sportcsarnokr\u00f3l"},"content":{"rendered":"<p><a href=\"https:\/\/kozhaz.alsozsolca.hu\/wp-content\/uploads\/2014\/05\/eleje.jpg\"><img loading=\"lazy\" decoding=\"async\" class=\"alignnone size-medium wp-image-20760\" src=\"https:\/\/kozhaz.alsozsolca.hu\/wp-content\/uploads\/2014\/05\/eleje-300x225.jpg\" alt=\"eleje\" width=\"300\" height=\"225\" srcset=\"https:\/\/kozhaz.alsozsolca.hu\/wp-content\/uploads\/2014\/05\/eleje-300x225.jpg 300w, https:\/\/kozhaz.alsozsolca.hu\/wp-content\/uploads\/2014\/05\/eleje.jpg 479w\" sizes=\"auto, (max-width: 300px) 100vw, 300px\" \/><\/a> <a href=\"https:\/\/kozhaz.alsozsolca.hu\/wp-content\/uploads\/2014\/05\/el\u00f6lr\u0151l.jpg\"><img loading=\"lazy\" decoding=\"async\" class=\"alignnone size-medium wp-image-20761\" src=\"https:\/\/kozhaz.alsozsolca.hu\/wp-content\/uploads\/2014\/05\/el\u00f6lr\u0151l-300x225.jpg\" alt=\"el\u00f6lr\u0151l\" width=\"300\" height=\"225\" srcset=\"https:\/\/kozhaz.alsozsolca.hu\/wp-content\/uploads\/2014\/05\/el\u00f6lr\u0151l-300x225.jpg 300w, https:\/\/kozhaz.alsozsolca.hu\/wp-content\/uploads\/2014\/05\/el\u00f6lr\u0151l.jpg 479w\" sizes=\"auto, (max-width: 300px) 100vw, 300px\" \/><\/a> <a href=\"https:\/\/kozhaz.alsozsolca.hu\/wp-content\/uploads\/2014\/05\/k\u00e9p-p\u00e1.jpg\"><img loading=\"lazy\" decoding=\"async\" class=\"alignnone size-medium wp-image-20762\" src=\"https:\/\/kozhaz.alsozsolca.hu\/wp-content\/uploads\/2014\/05\/k\u00e9p-p\u00e1-300x225.jpg\" alt=\"k\u00e9p p\u00e1\" width=\"300\" height=\"225\" srcset=\"https:\/\/kozhaz.alsozsolca.hu\/wp-content\/uploads\/2014\/05\/k\u00e9p-p\u00e1-300x225.jpg 300w, https:\/\/kozhaz.alsozsolca.hu\/wp-content\/uploads\/2014\/05\/k\u00e9p-p\u00e1.jpg 479w\" sizes=\"auto, (max-width: 300px) 100vw, 300px\" \/><\/a> <a href=\"https:\/\/kozhaz.alsozsolca.hu\/wp-content\/uploads\/2014\/05\/k\u00e9p-p\u00e1ly.jpg\"><img loading=\"lazy\" decoding=\"async\" class=\"alignnone size-medium wp-image-20763\" src=\"https:\/\/kozhaz.alsozsolca.hu\/wp-content\/uploads\/2014\/05\/k\u00e9p-p\u00e1ly-300x225.jpg\" alt=\"k\u00e9p p\u00e1ly\" width=\"300\" height=\"225\" srcset=\"https:\/\/kozhaz.alsozsolca.hu\/wp-content\/uploads\/2014\/05\/k\u00e9p-p\u00e1ly-300x225.jpg 300w, https:\/\/kozhaz.alsozsolca.hu\/wp-content\/uploads\/2014\/05\/k\u00e9p-p\u00e1ly.jpg 479w\" sizes=\"auto, (max-width: 300px) 100vw, 300px\" \/><\/a> <a href=\"https:\/\/kozhaz.alsozsolca.hu\/wp-content\/uploads\/2014\/05\/k\u00e9p-p\u00e1lya.jpg\"><img loading=\"lazy\" decoding=\"async\" class=\"alignnone size-medium wp-image-20764\" src=\"https:\/\/kozhaz.alsozsolca.hu\/wp-content\/uploads\/2014\/05\/k\u00e9p-p\u00e1lya-300x225.jpg\" alt=\"k\u00e9p p\u00e1lya\" width=\"300\" height=\"225\" srcset=\"https:\/\/kozhaz.alsozsolca.hu\/wp-content\/uploads\/2014\/05\/k\u00e9p-p\u00e1lya-300x225.jpg 300w, https:\/\/kozhaz.alsozsolca.hu\/wp-content\/uploads\/2014\/05\/k\u00e9p-p\u00e1lya.jpg 479w\" sizes=\"auto, (max-width: 300px) 100vw, 300px\" \/><\/a> <a href=\"https:\/\/kozhaz.alsozsolca.hu\/wp-content\/uploads\/2014\/05\/k\u00e9p.jpg\"><img loading=\"lazy\" decoding=\"async\" class=\"alignnone size-medium wp-image-20765\" src=\"https:\/\/kozhaz.alsozsolca.hu\/wp-content\/uploads\/2014\/05\/k\u00e9p-300x225.jpg\" alt=\"k\u00e9p\" width=\"300\" height=\"225\" srcset=\"https:\/\/kozhaz.alsozsolca.hu\/wp-content\/uploads\/2014\/05\/k\u00e9p-300x225.jpg 300w, https:\/\/kozhaz.alsozsolca.hu\/wp-content\/uploads\/2014\/05\/k\u00e9p.jpg 479w\" sizes=\"auto, (max-width: 300px) 100vw, 300px\" \/><\/a> <a href=\"https:\/\/kozhaz.alsozsolca.hu\/wp-content\/uploads\/2014\/05\/kondi.jpg\"><img loading=\"lazy\" decoding=\"async\" class=\"alignnone size-medium wp-image-20766\" src=\"https:\/\/kozhaz.alsozsolca.hu\/wp-content\/uploads\/2014\/05\/kondi-300x225.jpg\" alt=\"kondi\" width=\"300\" height=\"225\" srcset=\"https:\/\/kozhaz.alsozsolca.hu\/wp-content\/uploads\/2014\/05\/kondi-300x225.jpg 300w, https:\/\/kozhaz.alsozsolca.hu\/wp-content\/uploads\/2014\/05\/kondi.jpg 479w\" sizes=\"auto, (max-width: 300px) 100vw, 300px\" \/><\/a> <a href=\"https:\/\/kozhaz.alsozsolca.hu\/wp-content\/uploads\/2014\/05\/\u00f6lt\u00f6z.jpg\"><img loading=\"lazy\" decoding=\"async\" class=\"alignnone size-medium wp-image-20767\" src=\"https:\/\/kozhaz.alsozsolca.hu\/wp-content\/uploads\/2014\/05\/\u00f6lt\u00f6z-300x225.jpg\" alt=\"\u00f6lt\u00f6z\" width=\"300\" height=\"225\" srcset=\"https:\/\/kozhaz.alsozsolca.hu\/wp-content\/uploads\/2014\/05\/\u00f6lt\u00f6z-300x225.jpg 300w, https:\/\/kozhaz.alsozsolca.hu\/wp-content\/uploads\/2014\/05\/\u00f6lt\u00f6z.jpg 479w\" sizes=\"auto, (max-width: 300px) 100vw, 300px\" \/><\/a> <a href=\"https:\/\/kozhaz.alsozsolca.hu\/wp-content\/uploads\/2014\/05\/\u00f6lt\u00f6z\u0151.jpg\"><img loading=\"lazy\" decoding=\"async\" class=\"alignnone size-medium wp-image-20768\" src=\"https:\/\/kozhaz.alsozsolca.hu\/wp-content\/uploads\/2014\/05\/\u00f6lt\u00f6z\u0151-300x225.jpg\" alt=\"\u00f6lt\u00f6z\u0151\" width=\"300\" height=\"225\" srcset=\"https:\/\/kozhaz.alsozsolca.hu\/wp-content\/uploads\/2014\/05\/\u00f6lt\u00f6z\u0151-300x225.jpg 300w, https:\/\/kozhaz.alsozsolca.hu\/wp-content\/uploads\/2014\/05\/\u00f6lt\u00f6z\u0151.jpg 479w\" sizes=\"auto, (max-width: 300px) 100vw, 300px\" \/><\/a> <a href=\"https:\/\/kozhaz.alsozsolca.hu\/wp-content\/uploads\/2014\/05\/t\u00fckr\u00f6s.jpg\"><img loading=\"lazy\" decoding=\"async\" class=\"alignnone size-medium wp-image-20769\" src=\"https:\/\/kozhaz.alsozsolca.hu\/wp-content\/uploads\/2014\/05\/t\u00fckr\u00f6s-300x225.jpg\" alt=\"t\u00fckr\u00f6s\" width=\"300\" height=\"225\" srcset=\"https:\/\/kozhaz.alsozsolca.hu\/wp-content\/uploads\/2014\/05\/t\u00fckr\u00f6s-300x225.jpg 300w, https:\/\/kozhaz.alsozsolca.hu\/wp-content\/uploads\/2014\/05\/t\u00fckr\u00f6s.jpg 479w\" sizes=\"auto, (max-width: 300px) 100vw, 300px\" \/><\/a><!--more--><\/p>\n<p><img decoding=\"async\" class=\"ngg_displayed_gallery mceItem\" src=\"https:\/\/kozhaz.alsozsolca.hu\/index.php\/nextgen-attach_to_post\/preview\/id--718\" alt=\"\" \/><\/p>\n<p><img decoding=\"async\" class=\"ngg_displayed_gallery mceItem\" src=\"https:\/\/kozhaz.alsozsolca.hu\/index.php\/nextgen-attach_to_post\/preview\/id--719\" alt=\"\" \/><\/p>\n","protected":false},"excerpt":{"rendered":"","protected":false},"author":2,"featured_media":0,"parent":175,"menu_order":5,"comment_status":"closed","ping_status":"closed","template":"","meta":{"footnotes":""},"class_list":["post-691","page","type-page","status-publish","hentry"],"_links":{"self":[{"href":"https:\/\/kozhaz.alsozsolca.hu\/index.php?rest_route=\/wp\/v2\/pages\/691","targetHints":{"allow":["GET"]}}],"collection":[{"href":"https:\/\/kozhaz.alsozsolca.hu\/index.php?rest_route=\/wp\/v2\/pages"}],"about":[{"href":"https:\/\/kozhaz.alsozsolca.hu\/index.php?rest_route=\/wp\/v2\/types\/page"}],"author":[{"embeddable":true,"href":"https:\/\/kozhaz.alsozsolca.hu\/index.php?rest_route=\/wp\/v2\/users\/2"}],"replies":[{"embeddable":true,"href":"https:\/\/kozhaz.alsozsolca.hu\/index.php?rest_route=%2Fwp%2Fv2%2Fcomments&post=691"}],"version-history":[{"count":4,"href":"https:\/\/kozhaz.alsozsolca.hu\/index.php?rest_route=\/wp\/v2\/pages\/691\/revisions"}],"predecessor-version":[{"id":20771,"href":"https:\/\/kozhaz.alsozsolca.hu\/index.php?rest_route=\/wp\/v2\/pages\/691\/revisions\/20771"}],"up":[{"embeddable":true,"href":"https:\/\/kozhaz.alsozsolca.hu\/index.php?rest_route=\/wp\/v2\/pages\/175"}],"wp:attachment":[{"href":"https:\/\/kozhaz.alsozsolca.hu\/index.php?rest_route=%2Fwp%2Fv2%2Fmedia&parent=691"}],"curies":[{"name":"wp","href":"https:\/\/api.w.org\/{rel}","templated":true}]}}